{"id":3,"date":"2024-11-18T14:22:18","date_gmt":"2024-11-18T14:22:18","guid":{"rendered":"https:\/\/siebweb.com\/?page_id=3"},"modified":"2025-03-03T11:03:23","modified_gmt":"2025-03-03T11:03:23","slug":"datenschutzerklarung","status":"publish","type":"page","link":"https:\/\/siebweb.com\/de\/privacy-policy\/","title":{"rendered":"Datenschutzbestimmungen"},"content":{"rendered":"<p>G\u00fcltig ab: 31. M\u00e4rz 2025<\/p>\r\n<p>Eduardo Arturo Sieber Artiles (\u201cwir\u201d, \u201cuns\u201d oder \u201cunser\u201d) betreibt die Website https:\/\/siebweb.com\/ (im Folgenden als \u201cDienst\u201d bezeichnet).<\/p>\r\n<p>Auf dieser Seite informieren wir Sie \u00fcber unsere Richtlinien bez\u00fcglich der Erfassung, Verwendung und Weitergabe personenbezogener Daten, wenn Sie unseren Service nutzen, sowie \u00fcber die Wahlm\u00f6glichkeiten, die Sie im Zusammenhang mit diesen Daten haben.<\/p>\r\n<p>Wir verwenden Ihre Daten, um den Service bereitzustellen und zu verbessern. Durch die Nutzung des Service stimmen Sie der Erfassung und Verwendung von Informationen gem\u00e4\u00df dieser Richtlinie zu. Sofern in dieser Datenschutzrichtlinie nicht anders definiert, haben die in dieser Datenschutzrichtlinie verwendeten Begriffe die gleiche Bedeutung wie in unseren Allgemeinen Gesch\u00e4ftsbedingungen, die unter https:\/\/siebweb.com\/ abgerufen werden k\u00f6nnen.<\/p>\r\n<h4 class=\"wp-block-heading\">Definitionen<\/h4>\r\n<ul class=\"wp-block-list\">\r\n<li><strong>Dienstleistung<\/strong>Service ist die Website https:\/\/siebweb.com\/, die von Eduardo Sieber betrieben wird.<\/li>\r\n<li><strong>Personenbezogene Daten<\/strong>Personenbezogene Daten sind Daten \u00fcber eine lebende Person, die anhand dieser Daten (oder anhand dieser und anderer Informationen, die sich in unserem Besitz befinden oder wahrscheinlich in unseren Besitz gelangen werden) identifiziert werden kann.<\/li>\r\n<li><strong>Nutzungsdaten<\/strong>Nutzungsdaten sind Daten, die automatisch entweder durch die Nutzung des Dienstes oder aus der Infrastruktur des Dienstes selbst generiert werden (z. B. die Dauer eines Seitenbesuchs).<\/li>\r\n<li><strong>Cookies<\/strong>Cookies sind kleine Dateien, die auf Ihrem Ger\u00e4t (Computer oder Mobilger\u00e4t) gespeichert werden. \u201dCookies\u201d sind kleine Dateien, die auf den Computern der Nutzer gespeichert werden. In den Cookies k\u00f6nnen unterschiedliche Informationen gespeichert werden. Ein Cookie dient in erster Linie dazu, die Informationen \u00fcber einen Nutzer (oder das Ger\u00e4t, auf dem das Cookie gespeichert ist) w\u00e4hrend oder nach seinem Besuch eines Onlineangebotes zu speichern. Tempor\u00e4re Cookies, auch \u2019Session-Cookies\u201c oder \u201dtransiente Cookies\u201c genannt, sind Cookies, die gel\u00f6scht werden, nachdem ein Nutzer ein Online-Angebot verl\u00e4sst und seinen Browser schlie\u00dft. In einem solchen Cookie wird z. B. der Inhalt eines Warenkorbs in einem Online-Shop oder ein Login-Status gespeichert. Als \u201dpersistent\u201c oder \u201ddauerhaft\u201c werden Cookies bezeichnet, die auch nach dem Schlie\u00dfen des Browsers gespeichert bleiben. So wird z. B. der Login-Status gespeichert, wenn Nutzer nach mehreren Tagen wieder darauf zugreifen. Ebenso k\u00f6nnen in einem solchen Cookie die Interessen der Nutzer gespeichert werden, die f\u00fcr Reichweitenmessung oder Marketingzwecke verwendet werden. Als \u201dThird-Party-Cookies\u201c werden Cookies bezeichnet, die von anderen Anbietern als dem f\u00fcr das Online-Angebot Verantwortlichen angeboten werden (im Gegensatz dazu werden deren Cookies als \u201dFirst-Party-Cookies\u201c bezeichnet).\u00a0Wir k\u00f6nnen tempor\u00e4re und permanente Cookies verwenden und dies im Rahmen unserer Datenschutzerkl\u00e4rung erl\u00e4utern. Soweit wir die Nutzer um ihre Einwilligung zur Verwendung von Cookies bitten (z. B. im Rahmen einer Cookie-Einwilligung), ist die Rechtsgrundlage f\u00fcr diese Verarbeitung Artikel 6 Absatz 1 Buchstabe a DSGVO. Andernfalls erfolgt die Verarbeitung der personenbezogenen Cookies der Nutzer gem\u00e4\u00df den nachfolgenden Erl\u00e4uterungen im Rahmen dieser Datenschutzerkl\u00e4rung auf Grundlage unserer berechtigten Interessen (d. h. Interesse an der Analyse, Optimierung und dem wirtschaftlichen Betrieb unseres Onlineangebotes im Sinne des Art. 6 Abs. 1 lit. DSGVO) oder wenn die Verwendung von Cookies zur Erbringung unserer vertraglichen Leistungen erforderlich ist, gem\u00e4\u00df Art. 6 Abs. 1 lit. b. DSGVO, oder wenn die Verwendung von Cookies f\u00fcr die Wahrnehmung einer Aufgabe erforderlich ist, die im \u00f6ffentlichen Interesse liegt oder in Aus\u00fcbung \u00f6ffentlicher Gewalt erfolgt, gem\u00e4\u00df Art. 6 Abs. 1 lit. e. DSGVO, verarbeitet.\u00a0Wenn Nutzer nicht m\u00f6chten, dass Cookies auf ihrem Rechner gespeichert werden, werden sie gebeten, die Option in den Systemeinstellungen ihres Browsers zu deaktivieren. Gespeicherte Cookies k\u00f6nnen in den Systemeinstellungen des Browsers gel\u00f6scht werden. Der Ausschluss von Cookies kann zu Funktionseinschr\u00e4nkungen dieses Onlineangebotes f\u00fchren. Ein genereller Widerspruch gegen den Einsatz von Cookies, die zu Online-Marketing-Zwecken eingesetzt werden, ist bei einer Vielzahl von Diensten, insbesondere im Falle des Trackings, \u00fcber die US-amerikanische Website m\u00f6glich.\u00a0<a href=\"https:\/\/siebweb.com\/de\/datenschutzerklarung\/\" target=\"_blank\" rel=\"noopener\">http:\/\/www.aboutads.info\/choices\/<\/a>\u00a0oder auf der EU-Website http:\/\/www.youronlinechoices.com\/ erkl\u00e4rt. Dar\u00fcber hinaus kann die Speicherung von Cookies durch Deaktivierung in den Einstellungen des Browsers erreicht werden. Bitte beachten Sie, dass in diesem Fall m\u00f6glicherweise nicht alle Funktionen dieses Onlineangebotes genutzt werden k\u00f6nnen.<\/li>\r\n<li><strong>Datenverantwortlicher<\/strong>Der Begriff \u201eDatenverantwortlicher\u201c bezeichnet die nat\u00fcrliche oder juristische Person, die (allein oder gemeinsam mit anderen Personen) die Zwecke und die Art und Weise der Verarbeitung personenbezogener Daten festlegt. Im Sinne dieser Datenschutzerkl\u00e4rung sind wir der Datenverantwortliche f\u00fcr Ihre personenbezogenen Daten.<\/li>\r\n<li><strong>Datenverarbeiter (oder Dienstleister)<\/strong>Datenverarbeiter (oder Dienstleister) bezeichnet jede nat\u00fcrliche oder juristische Person, die die Daten im Auftrag des Datenverantwortlichen verarbeitet. Wir k\u00f6nnen die Dienste verschiedener Dienstleister in Anspruch nehmen, um Ihre Daten effektiver zu verarbeiten.<\/li>\r\n<li><strong>Betroffene Person (oder Nutzer)<\/strong>Die betroffene Person ist jede lebende Person, die unseren Dienst nutzt und Gegenstand personenbezogener Daten ist.<\/li>\r\n<\/ul>\r\n<h4 class=\"wp-block-heading\">Erhebung und Verwendung von Informationen<\/h4>\r\n<p>Wir erfassen verschiedene Arten von Informationen f\u00fcr unterschiedliche Zwecke, um Ihnen unseren Service anbieten und verbessern zu k\u00f6nnen.<\/p>\r\n<h3 class=\"wp-block-heading\">Arten der erhobenen Daten<\/h3>\r\n<h4 class=\"wp-block-heading\">Personenbezogene Daten<\/h4>\r\n<p>Bei der Nutzung unseres Dienstes bitten wir Sie m\u00f6glicherweise um die Angabe bestimmter personenbezogener Daten, die zur Kontaktaufnahme mit Ihnen oder zu Ihrer Identifizierung verwendet werden k\u00f6nnen (\u201cpersonenbezogene Daten\u201d). Zu den personenbezogenen Daten k\u00f6nnen unter anderem geh\u00f6ren:<\/p>\r\n<ul class=\"wp-block-list\">\r\n<li>E-Mail-Adresse<\/li>\r\n<li>Vorname und Nachname<\/li>\r\n<li>Telefonnummer<\/li>\r\n<li>Cookies und Nutzungsdaten<\/li>\r\n<\/ul>\r\n<p>Wir k\u00f6nnen Ihre personenbezogenen Daten verwenden, um Ihnen Newsletter, Marketing- oder Werbematerialien und andere Informationen zuzusenden, die f\u00fcr Sie von Interesse sein k\u00f6nnten. Sie k\u00f6nnen den Erhalt einiger oder aller dieser Mitteilungen von uns abbestellen, indem Sie dem Link zum Abbestellen oder den Anweisungen in einer von uns gesendeten E-Mail folgen oder sich mit uns in Verbindung setzen.<\/p>\r\n<h4 class=\"wp-block-heading\">Nutzungsdaten<\/h4>\r\n<p>Wir k\u00f6nnen auch Informationen dar\u00fcber sammeln, wie auf den Dienst zugegriffen und dieser genutzt wird (\u201cNutzungsdaten\u201d). Diese Nutzungsdaten k\u00f6nnen Informationen wie die Internetprotokolladresse Ihres Computers (z. B. IP-Adresse), den Browsertyp, die Browserversion, die von Ihnen besuchten Seiten unseres Dienstes, die Uhrzeit und das Datum Ihres Besuchs, die auf diesen Seiten verbrachte Zeit, eindeutige Ger\u00e4tekennungen und andere Diagnosedaten umfassen.<\/p>\r\n<h4 class=\"wp-block-heading\">Tracking- und Cookie-Daten<\/h4>\r\n<p>Wir verwenden Cookies und \u00e4hnliche Tracking-Technologien, um die Aktivit\u00e4ten auf unserem Dienst zu verfolgen, und speichern bestimmte Informationen.<\/p>\r\n<p>Cookies sind Dateien mit einer kleinen Datenmenge, die eine anonyme eindeutige Kennung enthalten k\u00f6nnen. Cookies werden von einer Website an Ihren Browser gesendet und auf Ihrem Ger\u00e4t gespeichert. Es werden auch andere Tracking-Technologien wie Beacons, Tags und Skripte verwendet, um Informationen zu sammeln und zu verfolgen und unseren Service zu verbessern und zu analysieren.<\/p>\r\n<p>Sie k\u00f6nnen Ihren Browser so einstellen, dass er alle Cookies ablehnt oder anzeigt, wenn ein Cookie gesendet wird. Wenn Sie jedoch keine Cookies akzeptieren, k\u00f6nnen Sie m\u00f6glicherweise einige Teile unseres Dienstes nicht nutzen.<\/p>\r\n<p>Beispiele f\u00fcr von uns verwendete Cookies:<\/p>\r\n<ul class=\"wp-block-list\">\r\n<li><strong>Sitzungscookies.<\/strong>\u00a0Wir verwenden Session-Cookies, um unseren Dienst zu betreiben.<\/li>\r\n<li><strong>Pr\u00e4ferenz-Cookies.<\/strong>\u00a0Wir verwenden Pr\u00e4ferenz-Cookies, um Ihre Pr\u00e4ferenzen und verschiedene Einstellungen zu speichern.<\/li>\r\n<li><strong>Sicherheits-Cookies.<\/strong>\u00a0Wir verwenden Sicherheits-Cookies zu Sicherheitszwecken.<\/li>\r\n<\/ul>\r\n<h4 class=\"wp-block-heading\">Verwendung von Daten<\/h4>\r\n<p>Eduardo Sieber verwendet die gesammelten Daten f\u00fcr verschiedene Zwecke:<\/p>\r\n<ul class=\"wp-block-list\">\r\n<li>Zur Bereitstellung und Aufrechterhaltung unseres Dienstes<\/li>\r\n<li>Um Sie \u00fcber \u00c4nderungen an unserem Service zu informieren<\/li>\r\n<li>Damit Sie an interaktiven Funktionen unseres Dienstes teilnehmen k\u00f6nnen, wenn Sie dies w\u00fcnschen.<\/li>\r\n<li>Kundensupport bieten<\/li>\r\n<li>Um Analysen oder wertvolle Informationen zu sammeln, damit wir unseren Service verbessern k\u00f6nnen.<\/li>\r\n<li>Um die Nutzung unseres Dienstes zu \u00fcberwachen<\/li>\r\n<li>Technische Probleme erkennen, verhindern und beheben<\/li>\r\n<li>Um Ihnen Neuigkeiten, Sonderangebote und allgemeine Informationen \u00fcber andere Waren, Dienstleistungen und Veranstaltungen zu liefern, die wir anbieten und die denen \u00e4hneln, die Sie bereits gekauft oder angefragt haben, es sei denn, Sie haben sich daf\u00fcr entschieden, solche Informationen nicht zu erhalten.<\/li>\r\n<\/ul>\r\n<h4 class=\"wp-block-heading\">Rechtsgrundlage f\u00fcr die Verarbeitung personenbezogener Daten gem\u00e4\u00df der Datenschutz-Grundverordnung (DSGVO)<\/h4>\r\n<p>Wenn Sie aus dem Europ\u00e4ischen Wirtschaftsraum (EWR) stammen, h\u00e4ngt die Rechtsgrundlage f\u00fcr die Erhebung und Verwendung der in dieser Datenschutzerkl\u00e4rung beschriebenen personenbezogenen Daten von den von uns erhobenen personenbezogenen Daten und dem spezifischen Kontext ab, in dem wir diese erheben.<\/p>\r\n<p>Eduardo Sieber kann Ihre personenbezogenen Daten verarbeiten, weil:<\/p>\r\n<ul class=\"wp-block-list\">\r\n<li>Wir m\u00fcssen einen Vertrag mit Ihnen abschlie\u00dfen.<\/li>\r\n<li>Sie haben uns die Erlaubnis dazu erteilt.<\/li>\r\n<li>Die Verarbeitung liegt in unserem berechtigten Interesse und wird nicht durch Ihre Rechte au\u00dfer Kraft gesetzt.<\/li>\r\n<li>F\u00fcr Zahlungsabwicklungszwecke<\/li>\r\n<li>Um das Gesetz einzuhalten<\/li>\r\n<\/ul>\r\n<h4 class=\"wp-block-heading\">Aufbewahrung von Daten<\/h4>\r\n<p>Eduardo Sieber speichert Ihre personenbezogenen Daten nur so lange, wie es f\u00fcr die in dieser Datenschutzerkl\u00e4rung genannten Zwecke erforderlich ist. Wir speichern und verwenden Ihre personenbezogenen Daten in dem Umfang, der zur Erf\u00fcllung unserer gesetzlichen Verpflichtungen (z. B. wenn wir Ihre Daten zur Einhaltung geltender Gesetze speichern m\u00fcssen), zur Beilegung von Streitigkeiten und zur Durchsetzung unserer rechtlichen Vereinbarungen und Richtlinien erforderlich ist.<\/p>\r\n<p>Eduardo Sieber speichert Nutzungsdaten auch f\u00fcr interne Analysezwecke. Nutzungsdaten werden in der Regel f\u00fcr einen k\u00fcrzeren Zeitraum gespeichert, es sei denn, diese Daten werden zur St\u00e4rkung der Sicherheit oder zur Verbesserung der Funktionalit\u00e4t unseres Dienstes verwendet oder wir sind gesetzlich verpflichtet, diese Daten f\u00fcr einen l\u00e4ngeren Zeitraum zu speichern.<\/p>\r\n<h4 class=\"wp-block-heading\">Daten\u00fcbertragung<\/h4>\r\n<p>Ihre Daten, einschlie\u00dflich personenbezogener Daten, k\u00f6nnen an Computer au\u00dferhalb Ihres Bundesstaates, Ihrer Provinz, Ihres Landes oder einer anderen staatlichen Gerichtsbarkeit \u00fcbertragen und dort gespeichert werden, wo die Datenschutzgesetze von denen Ihrer Gerichtsbarkeit abweichen k\u00f6nnen.<\/p>\r\n<p>Wenn Sie sich au\u00dferhalb Deutschlands befinden und uns Informationen zur Verf\u00fcgung stellen m\u00f6chten, beachten Sie bitte, dass wir die Daten, einschlie\u00dflich personenbezogener Daten, nach Deutschland \u00fcbertragen und dort verarbeiten.<\/p>\r\n<p>Ihre Zustimmung zu dieser Datenschutzerkl\u00e4rung und die anschlie\u00dfende \u00dcbermittlung solcher Informationen stellen Ihre Zustimmung zu dieser \u00dcbertragung dar.<\/p>\r\n<p>Eduardo Sieber wird alle angemessenen Ma\u00dfnahmen ergreifen, um sicherzustellen, dass Ihre Daten sicher und in \u00dcbereinstimmung mit dieser Datenschutzerkl\u00e4rung behandelt werden. Es findet keine \u00dcbermittlung Ihrer personenbezogenen Daten an eine Organisation oder ein Land statt, es sei denn, es bestehen angemessene Kontrollen, einschlie\u00dflich der Sicherheit Ihrer Daten und anderer personenbezogener Informationen.<\/p>\r\n<h3 class=\"wp-block-heading\">Offenlegung von Daten<\/h3>\r\n<h4 class=\"wp-block-heading\">Gesetzliche Anforderungen<\/h4>\r\n<p>Eduardo Sieber kann Ihre personenbezogenen Daten in gutem Glauben offenlegen, wenn er der Ansicht ist, dass dies erforderlich ist, um:<\/p>\r\n<ul class=\"wp-block-list\">\r\n<li>Zur Erf\u00fcllung einer rechtlichen Verpflichtung<\/li>\r\n<li>Zum Schutz und zur Verteidigung der Rechte oder des Eigentums von Eduardo Sieber<\/li>\r\n<li>Um m\u00f6gliche Verst\u00f6\u00dfe im Zusammenhang mit dem Dienst zu verhindern oder zu untersuchen<\/li>\r\n<li>Zum Schutz der pers\u00f6nlichen Sicherheit der Nutzer des Dienstes oder der \u00d6ffentlichkeit<\/li>\r\n<li>Zum Schutz vor rechtlicher Haftung<\/li>\r\n<\/ul>\r\n<h4 class=\"wp-block-heading\">Datensicherheit<\/h4>\r\n<p>Die Sicherheit Ihrer Daten ist uns wichtig, aber bitte beachten Sie, dass keine Methode der \u00dcbertragung \u00fcber das Internet oder der elektronischen Speicherung zu 100 % sicher ist. Wir bem\u00fchen uns, Ihre personenbezogenen Daten mit wirtschaftlich vertretbaren Mitteln zu sch\u00fctzen, k\u00f6nnen jedoch keine absolute Sicherheit garantieren.<\/p>\r\n<h4 class=\"wp-block-heading\">Ihre Datenschutzrechte gem\u00e4\u00df der Datenschutz-Grundverordnung (DSGVO)<\/h4>\r\n<p>Wenn Sie im Europ\u00e4ischen Wirtschaftsraum (EWR) ans\u00e4ssig sind, haben Sie bestimmte Datenschutzrechte. Eduardo Sieber ist bestrebt, angemessene Ma\u00dfnahmen zu ergreifen, damit Sie Ihre personenbezogenen Daten korrigieren, \u00e4ndern, l\u00f6schen oder deren Verwendung einschr\u00e4nken k\u00f6nnen.<\/p>\r\n<p>Wenn Sie wissen m\u00f6chten, welche personenbezogenen Daten wir \u00fcber Sie gespeichert haben, und wenn Sie m\u00f6chten, dass diese aus unseren Systemen gel\u00f6scht werden, kontaktieren Sie uns bitte.<\/p>\r\n<p>Unter bestimmten Umst\u00e4nden haben Sie die folgenden Datenschutzrechte:<\/p>\r\n<ul class=\"wp-block-list\">\r\n<li><strong>Das Recht auf Zugriff, Aktualisierung oder L\u00f6schung der Informationen, die wir \u00fcber Sie gespeichert haben.<\/strong>\u00a0Wann immer m\u00f6glich, k\u00f6nnen Sie direkt in den Einstellungen Ihres Kontos auf Ihre personenbezogenen Daten zugreifen, diese aktualisieren oder deren L\u00f6schung beantragen. Wenn Sie diese Aktionen nicht selbst durchf\u00fchren k\u00f6nnen, kontaktieren Sie uns bitte, damit wir Ihnen helfen k\u00f6nnen.<\/li>\r\n<li><strong>Das Recht auf Berichtigung.<\/strong>\u00a0Sie haben das Recht, Ihre Daten berichtigen zu lassen, wenn diese unrichtig oder unvollst\u00e4ndig sind.<\/li>\r\n<li><strong>Das Widerspruchsrecht.<\/strong>\u00a0Sie haben das Recht, unserer Verarbeitung Ihrer personenbezogenen Daten zu widersprechen.<\/li>\r\n<li><strong>Das Recht auf Einschr\u00e4nkung.<\/strong>\u00a0Sie haben das Recht, von uns die Einschr\u00e4nkung der Verarbeitung Ihrer personenbezogenen Daten zu verlangen.<\/li>\r\n<li><strong>Das Recht auf Daten\u00fcbertragbarkeit.<\/strong>\u00a0Sie haben das Recht, eine Kopie der Informationen, die wir \u00fcber Sie gespeichert haben, in einem strukturierten, maschinenlesbaren und g\u00e4ngigen Format zu erhalten.<\/li>\r\n<li><strong>Das Recht auf Widerruf der Einwilligung.<\/strong>\u00a0Sie haben auch das Recht, Ihre Einwilligung jederzeit zu widerrufen, wenn Eduardo Sieber sich auf Ihre Einwilligung zur Verarbeitung Ihrer personenbezogenen Daten verlassen hat.<\/li>\r\n<\/ul>\r\n<p>Bitte beachten Sie, dass wir Sie m\u00f6glicherweise bitten, Ihre Identit\u00e4t zu best\u00e4tigen, bevor wir auf solche Anfragen reagieren.<\/p>\r\n<p>Sie haben das Recht, sich bei einer Datenschutzbeh\u00f6rde \u00fcber unsere Erhebung und Verwendung Ihrer personenbezogenen Daten zu beschweren. Weitere Informationen erhalten Sie bei Ihrer lokalen Datenschutzbeh\u00f6rde im Europ\u00e4ischen Wirtschaftsraum (EWR).<\/p>\r\n<h4 class=\"wp-block-heading\">Dienstleister<\/h4>\r\n<p>Wir k\u00f6nnen Drittunternehmen und Einzelpersonen beauftragen, um unseren Service zu erleichtern (\u201cDienstleister\u201d), den Service in unserem Namen bereitzustellen, servicebezogene Dienstleistungen zu erbringen oder uns bei der Analyse der Nutzung unseres Services zu unterst\u00fctzen.<\/p>\r\n<p>Diese Dritten haben nur Zugriff auf Ihre personenbezogenen Daten, um diese Aufgaben in unserem Auftrag auszuf\u00fchren, und sind verpflichtet, diese nicht offenzulegen oder f\u00fcr andere Zwecke zu verwenden.<\/p>\r\n<h4 class=\"wp-block-heading\">Analytik<\/h4>\r\n<p>Wir k\u00f6nnen Drittanbieter einsetzen, um die Nutzung unseres Dienstes zu \u00fcberwachen und zu analysieren.<\/p>\r\n<ul class=\"wp-block-list\">\r\n<li><strong>Google Analytics<\/strong>Google Analytics ist ein von Google angebotener Webanalysedienst, der den Website-Traffic verfolgt und meldet. Google verwendet die gesammelten Daten, um die Nutzung unseres Dienstes zu verfolgen und zu \u00fcberwachen. Diese Daten werden mit anderen Google-Diensten geteilt. Google kann die gesammelten Daten verwenden, um die Anzeigen seines eigenen Werbenetzwerks zu kontextualisieren und zu personalisieren. Sie k\u00f6nnen die Weitergabe Ihrer Aktivit\u00e4ten auf dem Dienst an Google Analytics deaktivieren, indem Sie das Browser-Add-on zur Deaktivierung von Google Analytics installieren. Das Add-on verhindert, dass das JavaScript von Google Analytics (ga.js, analytics.js und dc.js) Informationen \u00fcber Besuchsaktivit\u00e4ten an Google Analytics weitergibt. Weitere Informationen zu den Datenschutzpraktiken von Google finden Sie auf der Webseite \u201eDatenschutz und Nutzungsbedingungen\u201c von Google:\u00a0<a href=\"https:\/\/policies.google.com\/privacy?hl=en\" target=\"_blank\" rel=\"noopener noreferrer nofollow\">https:\/\/policies.google.com\/privacy?hl=en<\/a><\/li>\r\n<\/ul>\r\n<h4 class=\"wp-block-heading\">Zahlungen<\/h4>\r\n<p>Wir k\u00f6nnen im Rahmen des Dienstes kostenpflichtige Produkte und\/oder Dienstleistungen anbieten. In diesem Fall nutzen wir f\u00fcr die Zahlungsabwicklung Dienste von Drittanbietern (z. B. Zahlungsabwickler).<\/p>\r\n<p>Wir speichern oder erfassen Ihre Zahlungskartendaten nicht. Diese Informationen werden direkt an unsere externen Zahlungsdienstleister weitergeleitet, deren Verwendung Ihrer personenbezogenen Daten durch deren Datenschutzrichtlinien geregelt ist. Diese Zahlungsdienstleister halten sich an die vom PCI Security Standards Council festgelegten PCI-DSS-Standards, die von Marken wie Visa, MasterCard, American Express und Discover gemeinsam entwickelt wurden. Die PCI-DSS-Anforderungen tragen dazu bei, den sicheren Umgang mit Zahlungsinformationen zu gew\u00e4hrleisten.<\/p>\r\n<p>Die Zahlungsdienstleister, mit denen wir zusammenarbeiten, sind:<\/p>\r\n<ul class=\"wp-block-list\">\r\n<li><strong>Streifen<\/strong>Ihre Datenschutzerkl\u00e4rung kann unter folgender Adresse eingesehen werden:\u00a0<a href=\"https:\/\/stripe.com\/us\/privacy\" target=\"_blank\" rel=\"noopener noreferrer nofollow\">https:\/\/stripe.com\/us\/privacy<\/a><\/li>\r\n<li><strong>PayPal \/ Braintree<\/strong>Ihre Datenschutzerkl\u00e4rung kann unter folgender Adresse eingesehen werden:\u00a0<a href=\"https:\/\/www.paypal.com\/webapps\/mpp\/ua\/privacy-full\" target=\"_blank\" rel=\"noopener noreferrer nofollow\">https:\/\/www.paypal.com\/webapps\/mpp\/ua\/privacy-full<\/a><\/li>\r\n<\/ul>\r\n<h4 class=\"wp-block-heading\">Links zu anderen Websites<\/h4>\r\n<p>Unser Service kann Links zu anderen Websites enthalten, die nicht von uns betrieben werden. Wenn Sie auf einen Link eines Drittanbieters klicken, werden Sie zur Website dieses Drittanbieters weitergeleitet. Wir empfehlen Ihnen dringend, die Datenschutzrichtlinien jeder Website, die Sie besuchen, zu \u00fcberpr\u00fcfen.<\/p>\r\n<p>Wir haben keine Kontrolle \u00fcber die Inhalte, Datenschutzrichtlinien oder Praktiken von Websites oder Diensten Dritter und \u00fcbernehmen keine Verantwortung daf\u00fcr.<\/p>\r\n<h4 class=\"wp-block-heading\">Datenschutz f\u00fcr Kinder<\/h4>\r\n<p>Unser Service richtet sich nicht an Personen unter 18 Jahren (\u201cKinder\u201d).<\/p>\r\n<p>Wir sammeln wissentlich keine personenbezogenen Daten von Personen unter 18 Jahren. Wenn Sie als Elternteil oder Erziehungsberechtigter feststellen, dass Ihr Kind uns personenbezogene Daten zur Verf\u00fcgung gestellt hat, kontaktieren Sie uns bitte. Wenn wir feststellen, dass wir personenbezogene Daten von Kindern ohne \u00dcberpr\u00fcfung der elterlichen Zustimmung gesammelt haben, ergreifen wir Ma\u00dfnahmen, um diese Informationen von unseren Servern zu entfernen.<\/p>\r\n<h4 class=\"wp-block-heading\">\u00c4nderungen dieser Datenschutzerkl\u00e4rung<\/h4>\r\n<p>Wir k\u00f6nnen unsere Datenschutzerkl\u00e4rung von Zeit zu Zeit aktualisieren. Wir werden Sie \u00fcber alle \u00c4nderungen informieren, indem wir die neue Datenschutzerkl\u00e4rung auf dieser Seite ver\u00f6ffentlichen.<\/p>\r\n<p>Wir werden Sie vor Inkrafttreten der \u00c4nderung per E-Mail und\/oder durch einen gut sichtbaren Hinweis auf unserer Website informieren und das \u201cDatum des Inkrafttretens\u201d oben in dieser Datenschutzerkl\u00e4rung aktualisieren.<\/p>\r\n<p>Wir empfehlen Ihnen, diese Datenschutzerkl\u00e4rung regelm\u00e4\u00dfig auf \u00c4nderungen zu \u00fcberpr\u00fcfen. \u00c4nderungen dieser Datenschutzerkl\u00e4rung treten mit ihrer Ver\u00f6ffentlichung auf dieser Seite in Kraft.<\/p>\r\n<h4 class=\"wp-block-heading\">Kontaktieren Sie uns<\/h4>\r\n<p>Wenn Sie Fragen zu dieser Datenschutzerkl\u00e4rung haben, wenden Sie sich bitte an uns:<\/p>\r\n<ul class=\"wp-block-list\">\r\n<li>Per E-Mail: <a href=\"mailto:hi@siebweb.com\">hi@siebweb.com<\/a><\/li>\r\n<li>Durch den Besuch dieser Seite auf unserer Website: <a href=\"https:\/\/siebweb.com\/de\/kontakt\/\">https:\/\/siebweb.com\/contact<\/a><\/li>\r\n<\/ul>","protected":false},"excerpt":{"rendered":"<p>Effective date: March 31, 2025 Eduardo Arturo Sieber Artiles (\u201cus\u201d, \u201cwe\u201d, or \u201cour\u201d) operates the https:\/\/siebweb.com\/ website (hereinafter referred to as the [&hellip;]<\/p>\n","protected":false},"author":1,"featured_media":0,"parent":0,"menu_order":0,"comment_status":"closed","ping_status":"closed","template":"","meta":{"_jf_save_progress":"","footnotes":""},"class_list":["post-3","page","type-page","status-publish","hentry"],"_hostinger_reach_plugin_has_subscription_block":false,"_hostinger_reach_plugin_is_elementor":false,"_links":{"self":[{"href":"https:\/\/siebweb.com\/de\/wp-json\/wp\/v2\/pages\/3","targetHints":{"allow":["GET"]}}],"collection":[{"href":"https:\/\/siebweb.com\/de\/wp-json\/wp\/v2\/pages"}],"about":[{"href":"https:\/\/siebweb.com\/de\/wp-json\/wp\/v2\/types\/page"}],"author":[{"embeddable":true,"href":"https:\/\/siebweb.com\/de\/wp-json\/wp\/v2\/users\/1"}],"replies":[{"embeddable":true,"href":"https:\/\/siebweb.com\/de\/wp-json\/wp\/v2\/comments?post=3"}],"version-history":[{"count":3,"href":"https:\/\/siebweb.com\/de\/wp-json\/wp\/v2\/pages\/3\/revisions"}],"predecessor-version":[{"id":707,"href":"https:\/\/siebweb.com\/de\/wp-json\/wp\/v2\/pages\/3\/revisions\/707"}],"wp:attachment":[{"href":"https:\/\/siebweb.com\/de\/wp-json\/wp\/v2\/media?parent=3"}],"curies":[{"name":"wp","href":"https:\/\/api.w.org\/{rel}","templated":true}]}}