{"id":708,"date":"2025-03-03T11:04:41","date_gmt":"2025-03-03T11:04:41","guid":{"rendered":"https:\/\/siebweb.com\/?page_id=708"},"modified":"2025-04-11T18:40:24","modified_gmt":"2025-04-11T17:40:24","slug":"impressum","status":"publish","type":"page","link":"https:\/\/siebweb.com\/de\/imprint\/","title":{"rendered":"Impressum"},"content":{"rendered":"<h3 class=\"wp-block-heading\">Rechtliche Hinweise<\/h3>\n<p>Informationen gem\u00e4\u00df \u00a7 5 TMG<\/p>\n<p>Siebweb von Eduardo Arturo Sieber Artiles<br \/>\nHeubnerweg 9<br \/>\n14059 Berlin.<\/p>\n<h4 class=\"wp-block-heading\">Kontaktdaten<\/h4>\n<p>E-Mail:\u00a0<a href=\"mailto:hi@siebweb.com\">hi@siebweb.com<\/a><br \/>\nInternetadresse: <a href=\"https:\/\/siebweb.com\/de\/\">https:\/\/siebweb.com<\/a><\/p>\n<h4 class=\"wp-block-heading\">Umsatzsteuer-Identifikationsnummer<\/h4>\n<p>Umsatzsteuer-Identifikationsnummer gem\u00e4\u00df \u00a7 27 a Umsatzsteuergesetz<br \/>\nDE317966842<\/p>\n<h4 class=\"wp-block-heading\">Regulierte \/ Freiberufliche T\u00e4tigkeiten<\/h4>\n<p>Berufsbezeichnung: Digital Marketer, Informatiker, Webentwickler<\/p>\n<h4 class=\"wp-block-heading\">Grafiken und Bildquellen<\/h4>\n<p>https:\/\/www.freepik.com\/https:\/\/www.flaticon.com\/https:\/\/www.pexels.com\/https:\/\/www.freeimages.com\/<\/p>\n<h4 class=\"wp-block-heading\">Haftungsausschluss<\/h4>\n<p>Verantwortlichkeit f\u00fcr Inhalte<br \/>\nDie Inhalte unserer Seiten wurden mit gr\u00f6\u00dfter Sorgfalt erstellt. F\u00fcr die Richtigkeit, Vollst\u00e4ndigkeit und Aktualit\u00e4t der Inhalte k\u00f6nnen wir jedoch keine Gew\u00e4hr \u00fcbernehmen. Nach Ma\u00dfgabe der gesetzlichen Bestimmungen sind wir f\u00fcr unsere eigenen Inhalte auf diesen Seiten verantwortlich. Wir weisen jedoch darauf hin, dass wir nicht verpflichtet sind, die \u00fcbermittelten oder gespeicherten Informationen Dritter zu \u00fcberwachen oder nach Umst\u00e4nden zu forschen, die auf eine rechtswidrige T\u00e4tigkeit hinweisen. Unsere Verpflichtungen zur Entfernung oder Sperrung der Nutzung von Informationen nach den allgemeinen Gesetzen bleiben hiervon gem\u00e4\u00df \u00a7\u00a7 8 bis 10 Telemediengesetz (TMG) unber\u00fchrt.<\/p>\n<p>Verantwortlichkeit f\u00fcr Links<br \/>\nF\u00fcr den Inhalt externer Links (auf Webseiten Dritter) sind ausschlie\u00dflich die Betreiber der verlinkten Seiten verantwortlich. Zum Zeitpunkt der Verlinkung waren uns keine Rechtsverst\u00f6\u00dfe bekannt. Sollten wir von Rechtsverst\u00f6\u00dfen Kenntnis erlangen, werden wir den entsprechenden Link umgehend entfernen.<\/p>\n<p>Urheberrecht<br \/>\nUnsere Webseiten und deren Inhalte unterliegen dem deutschen Urheberrecht. Sofern nicht ausdr\u00fccklich gesetzlich erlaubt, bedarf jede Form der Nutzung, Vervielf\u00e4ltigung oder Bearbeitung von urheberrechtlich gesch\u00fctzten Werken auf unseren Webseiten der vorherigen Zustimmung des jeweiligen Rechteinhabers. Einzelne Vervielf\u00e4ltigungen eines Werks sind nur f\u00fcr den privaten Gebrauch zul\u00e4ssig. Die Materialien auf diesen Seiten sind urheberrechtlich gesch\u00fctzt und jede unbefugte Nutzung kann gegen das Urheberrecht versto\u00dfen.<\/p>\n<p><em>Quelle:\u00a0<\/em><a href=\"http:\/\/www.translate-24h.de\/\" target=\"_blank\" rel=\"noreferrer noopener\">\u00dcbersetzungsdienst translate-24h.de<\/a><\/p>","protected":false},"excerpt":{"rendered":"<p>Legal Disclosure Information in accordance with Section 5 TMG Siebweb by Eduardo Arturo Sieber Artiles Heubnerweg 9 14059 Berlin. Contact Information E-Mail:\u00a0hi@siebweb.com [&hellip;]<\/p>\n","protected":false},"author":2,"featured_media":0,"parent":0,"menu_order":0,"comment_status":"closed","ping_status":"closed","template":"","meta":{"_jf_save_progress":"","footnotes":""},"class_list":["post-708","page","type-page","status-publish","hentry"],"_hostinger_reach_plugin_has_subscription_block":false,"_hostinger_reach_plugin_is_elementor":false,"_links":{"self":[{"href":"https:\/\/siebweb.com\/de\/wp-json\/wp\/v2\/pages\/708","targetHints":{"allow":["GET"]}}],"collection":[{"href":"https:\/\/siebweb.com\/de\/wp-json\/wp\/v2\/pages"}],"about":[{"href":"https:\/\/siebweb.com\/de\/wp-json\/wp\/v2\/types\/page"}],"author":[{"embeddable":true,"href":"https:\/\/siebweb.com\/de\/wp-json\/wp\/v2\/users\/2"}],"replies":[{"embeddable":true,"href":"https:\/\/siebweb.com\/de\/wp-json\/wp\/v2\/comments?post=708"}],"version-history":[{"count":2,"href":"https:\/\/siebweb.com\/de\/wp-json\/wp\/v2\/pages\/708\/revisions"}],"predecessor-version":[{"id":841,"href":"https:\/\/siebweb.com\/de\/wp-json\/wp\/v2\/pages\/708\/revisions\/841"}],"wp:attachment":[{"href":"https:\/\/siebweb.com\/de\/wp-json\/wp\/v2\/media?parent=708"}],"curies":[{"name":"wp","href":"https:\/\/api.w.org\/{rel}","templated":true}]}}