{"id":710,"date":"2025-03-03T11:05:18","date_gmt":"2025-03-03T11:05:18","guid":{"rendered":"https:\/\/siebweb.com\/?page_id=710"},"modified":"2025-04-11T18:40:07","modified_gmt":"2025-04-11T17:40:07","slug":"allgemeine-geschaftsbedingungen","status":"publish","type":"page","link":"https:\/\/siebweb.com\/de\/terms-and-conditions\/","title":{"rendered":"Bedingungen und Konditionen"},"content":{"rendered":"<h4 class=\"wp-block-heading\">Automatisierungsdienstleistungen<\/h4>\n<p><strong>1. Leistungsumfang und Definitionen:<\/strong><\/p>\n<ul class=\"wp-block-list\">\n<li><strong>Beratungsdienstleistungen<\/strong>: Eduardo Arturo Sieber Artiles bietet Beratungsdienstleistungen f\u00fcr die Auswahl bestehender Tools und die Vorbereitung und Architektur zur Erstellung neuer ma\u00dfgeschneiderter L\u00f6sungen f\u00fcr die Automatisierung interner Prozesse innerhalb des Unternehmens des Kunden. Diese Dienstleistungen werden auf Honorarbasis und\/oder gegen monatliche Verwaltungsgeb\u00fchren abgerechnet.<\/li>\n<li><strong>Leistungen<\/strong>Kunden k\u00f6nnen eine detaillierte Analyse, einen Vergleich geeigneter Tools, ma\u00dfgeschneiderten Code auf einem vom Kunden ausgew\u00e4hlten Server (Hosting-Kosten tr\u00e4gt der Kunde) und die Implementierung von Tools von Drittanbietern wie make.com oder zapier.com auf Grundlage der Zustimmung des Kunden erwarten.<\/li>\n<\/ul>\n<p><strong>2. Beteiligung Dritter:<\/strong><\/p>\n<ul class=\"wp-block-list\">\n<li><strong>Auswahlverfahren<\/strong>: Drittunternehmen werden durch einen Vergleich der Optionen ausgew\u00e4hlt, die den Anforderungen des Kunden am besten entsprechen, wobei Leistung, Kosten, Funktionen und die Einhaltung von Sicherheits- und Datenschutzbestimmungen (z. B. DSGVO) ber\u00fccksichtigt werden.<\/li>\n<li><strong>Einverst\u00e4ndniserkl\u00e4rung des Kunden<\/strong>Alle Auswahlen und Implementierungen von Drittanbietern erfolgen mit Zustimmung des Kunden.<\/li>\n<\/ul>\n<p><strong>3. Monatliches Wartungsabonnement:<\/strong><\/p>\n<ul class=\"wp-block-list\">\n<li><strong>Enthaltene Leistungen<\/strong>Das Abonnement umfasst \u00dcberwachung, Wartung und Beratung zu m\u00f6glichen Verbesserungen auf der Grundlage von Leistungsbewertungen.<\/li>\n<li><strong>Kostenvariationen<\/strong>Die Kosten f\u00fcr das Abonnement variieren je nach Umfang und Komplexit\u00e4t der Automatisierung und werden im Voraus mit dem Kunden besprochen.<\/li>\n<\/ul>\n<p><strong>4. Zus\u00e4tzliche Kosten:<\/strong><\/p>\n<ul class=\"wp-block-list\">\n<li><strong>Gro\u00dfe Ver\u00e4nderungen oder Umstrukturierungen<\/strong>F\u00fcr Plattformmigrationen, das Hinzuf\u00fcgen neuer, urspr\u00fcnglich nicht vereinbarter Funktionen oder die vollst\u00e4ndige Neugestaltung der Automatisierung k\u00f6nnen zus\u00e4tzliche Kosten anfallen.<\/li>\n<\/ul>\n<p><strong>5. Stornierungsbedingungen:<\/strong><\/p>\n<ul class=\"wp-block-list\">\n<li><strong>K\u00fcndigungsfrist<\/strong>Beide Parteien k\u00f6nnen die monatliche Geb\u00fchr mit einer Frist von einem Monat k\u00fcndigen. Der Kunde kann die Einrichtung der Automatisierung behalten, aber alle Lizenzen oder Schl\u00fcssel, die auf den Namen Eduardo Arturo Sieber Artiles laufen, werden widerrufen, sodass der Kunde eigene Lizenzen erwerben und einrichten muss.<\/li>\n<li><strong>Schritte zur Stornierung<\/strong>Kunden m\u00fcssen sich schriftlich, vorzugsweise per E-Mail, an Eduardo Arturo Sieber Artiles wenden, um ihr Abonnement zu k\u00fcndigen.<\/li>\n<\/ul>\n<p><strong>6. Geistiges Eigentum:<\/strong><\/p>\n<ul class=\"wp-block-list\">\n<li><strong>Vorbehalt von Rechten<\/strong>Eduardo Arturo Sieber Artiles beh\u00e4lt sich die Rechte am geistigen Eigentum der implementierten Automatisierungsabl\u00e4ufe und -strategien vor, was die Vervielf\u00e4ltigung und den Weiterverkauf ohne Offenlegung des urspr\u00fcnglichen Kunden erm\u00f6glicht.<\/li>\n<li><strong>Kundengebrauch<\/strong>Kunden sind Eigent\u00fcmer der Automatisierungseinstellungen in ihrem Konto und k\u00f6nnen diese \u00e4ndern, jedoch nicht ohne vorherige Zustimmung von Eduardo Arturo Sieber Artiles weiterverkaufen.<\/li>\n<\/ul>\n<p><strong>7. R\u00fcckerstattungsrichtlinie:<\/strong><\/p>\n<ul class=\"wp-block-list\">\n<li><strong>Bedingungen f\u00fcr R\u00fcckerstattungen<\/strong>R\u00fcckerstattungen sind m\u00f6glich, wenn der Kunde innerhalb der ersten 14 Tage unzufrieden ist, vorausgesetzt, dass die Automatisierungslogik und die Implementierung durch Eduardo Arturo Sieber Artiles vollst\u00e4ndig aus den Konten und Diensten des Kunden gel\u00f6scht werden. Die unbefugte Nutzung duplizierter Automatisierungen kann rechtliche Schritte nach sich ziehen.<\/li>\n<\/ul>\n<p><strong>8. Ablehnung und Stornierung von Kunden:<\/strong><\/p>\n<ul class=\"wp-block-list\">\n<li><strong>Kriterien<\/strong>Eduardo Arturo Sieber Artiles beh\u00e4lt sich das Recht vor, Kunden aufgrund interner Kriterien ohne Angabe von Gr\u00fcnden abzulehnen oder zu stornieren.<\/li>\n<li><strong>R\u00fcckerstattungsabwicklung<\/strong>: Bei Beendigung der Gesch\u00e4ftsbeziehung werden bereits abgeschlossene und in Rechnung gestellte Leistungen nicht erstattet. Nur bei laufenden Auftr\u00e4gen mit mehreren Rechnungen f\u00fcr bestimmte Leistungen k\u00f6nnen fr\u00fchere Rechnungen erstattet werden, ausgenommen Abonnementgeb\u00fchren.<\/li>\n<\/ul>\n<p><strong>9. Zus\u00e4tzliche Bestimmungen:<\/strong><\/p>\n<ul class=\"wp-block-list\">\n<li><strong>Rechtliche Verantwortlichkeiten<\/strong>Eduardo Arturo Sieber Artiles ist nicht f\u00fcr die rechtlichen Inhalte auf den Websites seiner Kunden verantwortlich. Kunden m\u00fcssen die Richtigkeit von rechtlichen Seiten wie Impressum, Datenschutzerkl\u00e4rung, Nutzungsbedingungen und Cookie-Richtlinien \u00fcberpr\u00fcfen und best\u00e4tigen. Kunden akzeptieren die Datenschutzerkl\u00e4rungen und Bedingungen von Drittanbietern, die von Eduardo Arturo Sieber Artiles empfohlen werden.<\/li>\n<\/ul>\n<hr class=\"wp-block-separator has-alpha-channel-opacity\" \/>\n<h4 class=\"wp-block-heading\">Website-Dienste<\/h4>\n<p><strong>1. Leistungsumfang und Definitionen:<\/strong><\/p>\n<ul class=\"wp-block-list\">\n<li><strong>Angebotene Dienstleistungen<\/strong>Entwurf, Entwicklung und Wartung von Websites, einschlie\u00dflich der Anbindung an Plugins und externe APIs auf Anfrage.<\/li>\n<li><strong>Leistungen<\/strong>Kunden erhalten Design-Einrichtung, Inhaltsvorlagen, Einrichtung der Google-Suchmaschine, Einrichtung von Google Business (falls erforderlich), Cookie-Banner, Vorlagen f\u00fcr rechtliche Seiten (die vom Kunden zu \u00fcberpr\u00fcfen sind), mehrsprachige Einrichtung (falls gew\u00fcnscht) und die Nutzung von lizenzfreien Bildern von Drittanbietern. Kunden sind f\u00fcr etwaige Lizenzgeb\u00fchren f\u00fcr Bilder verantwortlich.<\/li>\n<\/ul>\n<p><strong>2. Geistiges Eigentum:<\/strong><\/p>\n<ul class=\"wp-block-list\">\n<li><strong>Vorbehalt von Rechten<\/strong>Eduardo Arturo Sieber Artiles beh\u00e4lt w\u00e4hrend des ersten Jahres die Rechte am geistigen Eigentum f\u00fcr das Design der Website und die schriftlichen Inhalte (sofern diese von Eduardo Arturo Sieber Artiles erstellt wurden).<\/li>\n<li><strong>Kundengebrauch<\/strong>Kunden k\u00f6nnen die Inhalte und das Design nach Ablauf eines Jahres Abonnement und gegebenenfalls nach der Ersteinrichtung der Website uneingeschr\u00e4nkt nutzen.<\/li>\n<\/ul>\n<p><strong>3. Abonnementdetails:<\/strong><\/p>\n<ul class=\"wp-block-list\">\n<li><strong>Enthaltene Leistungen<\/strong>Das Abonnementpaket umfasst Wartung, Plugin-Updates, kleinere Korrekturen, Inhaltsanpassungen, eine zus\u00e4tzliche Seite pro Monat und die Nutzung der Lizenzen von Drittanbietern von Eduardo Arturo Sieber Artiles.<\/li>\n<li><strong>Kosten<\/strong>Derzeit gibt es nur ein Abonnementpaket.<\/li>\n<\/ul>\n<p><strong>4. Stornierungsbedingungen:<\/strong><\/p>\n<ul class=\"wp-block-list\">\n<li><strong>Prozess<\/strong>Kunden k\u00f6nnen ihr Abonnement nach dem ersten Jahr per E-Mail k\u00fcndigen.<\/li>\n<li><strong>Nach der Stornierung<\/strong>: Kunden behalten die Rechte an den Inhalten und dem Design der Website, verlieren jedoch den Zugriff auf alle Premium-Plugins und Servicelizenzen, die von Eduardo Arturo Sieber Artiles bereitgestellt werden. Kunden m\u00fcssen ihre eigenen Lizenzen erwerben und einrichten.<\/li>\n<\/ul>\n<p><strong>5. Plugin-Lizenzen:<\/strong><\/p>\n<ul class=\"wp-block-list\">\n<li><strong>Mitgelieferte Plugins<\/strong>: Amelia-Plugin, TranslatePress, UI Core Theme, Elementor.<\/li>\n<li><strong>Lizenz\u00fcbertragung<\/strong>Kunden m\u00fcssen bei K\u00fcndigung ihre eigenen Lizenzen erwerben und einrichten und die Lizenzen und Schl\u00fcssel von Eduardo Arturo Sieber Artiles von der Website entfernen.<\/li>\n<\/ul>\n<p><strong>6. Verantwortlichkeiten des Kunden:<\/strong><\/p>\n<ul class=\"wp-block-list\">\n<li><strong>Genauigkeit der Inhalte<\/strong>Die Kunden sind f\u00fcr die Richtigkeit der Website-Inhalte verantwortlich und m\u00fcssen diese vor der Ver\u00f6ffentlichung \u00fcberpr\u00fcfen und genehmigen.<\/li>\n<li><strong>Einhaltung gesetzlicher Vorschriften<\/strong>Kunden wird empfohlen, einen Rechtsberater zu konsultieren, um die Rechtm\u00e4\u00dfigkeit des Inhalts zu best\u00e4tigen.<\/li>\n<\/ul>\n<hr class=\"wp-block-separator has-alpha-channel-opacity\" \/>\n<h4 class=\"wp-block-heading\">Lokale SEO-Dienstleistungen<\/h4>\n<p><strong>1. Leistungsumfang und Definitionen:<\/strong><\/p>\n<ul class=\"wp-block-list\">\n<li><strong>Enthaltene Leistungen<\/strong>Verteilung auf mehreren Verzeichnis-Websites (z. B. Google Business, Bing, Apple Maps, Foursquare, Facebook), basierend auf der Verf\u00fcgbarkeit des Standorts.<\/li>\n<li><strong>Leistungen<\/strong>Laufende Wartung und \u00dcberwachung der Leistung, ordnungsgem\u00e4\u00dfe Verteilung von Inhalten und \u00dcberpr\u00fcfung des Managements (falls gew\u00fcnscht).<\/li>\n<\/ul>\n<p><strong>2. Stornierungsbedingungen:<\/strong><\/p>\n<ul class=\"wp-block-list\">\n<li><strong>Prozess<\/strong>Kunden k\u00f6nnen ihr Abonnement mit einer Frist von einem Monat k\u00fcndigen.<\/li>\n<li><strong>Nach der Stornierung<\/strong>Die bestehenden SEO-Ma\u00dfnahmen bleiben bestehen, aber die Verbindung zu den Konten von Eduardo Arturo Sieber Artiles wird entfernt. Kunden m\u00fcssen die Eigentumsrechte an Verzeichnisseiten zur\u00fcckerlangen.<\/li>\n<\/ul>\n<p><strong>3. R\u00fcckerstattungsrichtlinie:<\/strong><\/p>\n<ul class=\"wp-block-list\">\n<li><strong>Bedingungen f\u00fcr R\u00fcckerstattungen<\/strong>F\u00fcr lokale SEO-Dienstleistungen gibt es keine R\u00fcckerstattungen.<\/li>\n<\/ul>\n<p><strong>4. Leistungsgarantien:<\/strong><\/p>\n<ul class=\"wp-block-list\">\n<li><strong>Gew\u00e4hrte Garantien<\/strong>Gesch\u00e4ftsinformationen werden in bestimmten Verzeichnissen und auf bestimmten Websites angezeigt.<\/li>\n<li><strong>Umgang mit Nichterf\u00fcllung<\/strong>Kunden k\u00f6nnen den Service sofort k\u00fcndigen, wenn keine Ergebnisse erzielt werden, und der n\u00e4chste Monat wird nicht in Rechnung gestellt.<\/li>\n<\/ul>\n<hr class=\"wp-block-separator has-alpha-channel-opacity\" \/>\n<p><strong>Unternehmensinformationen:<\/strong>\u00a0Eduardo Arturo Sieber Artiles<br \/>\nHeubnerweg 9, 14059 Berlin, Deutschland<\/p>","protected":false},"excerpt":{"rendered":"<p>Automation Services 1. Service Scope and Definitions: Consulting Services: Eduardo Arturo Sieber Artiles provides consulting services for the selection of existing tools [&hellip;]<\/p>\n","protected":false},"author":2,"featured_media":0,"parent":0,"menu_order":0,"comment_status":"closed","ping_status":"closed","template":"","meta":{"_jf_save_progress":"","footnotes":""},"class_list":["post-710","page","type-page","status-publish","hentry"],"_hostinger_reach_plugin_has_subscription_block":false,"_hostinger_reach_plugin_is_elementor":false,"_links":{"self":[{"href":"https:\/\/siebweb.com\/de\/wp-json\/wp\/v2\/pages\/710","targetHints":{"allow":["GET"]}}],"collection":[{"href":"https:\/\/siebweb.com\/de\/wp-json\/wp\/v2\/pages"}],"about":[{"href":"https:\/\/siebweb.com\/de\/wp-json\/wp\/v2\/types\/page"}],"author":[{"embeddable":true,"href":"https:\/\/siebweb.com\/de\/wp-json\/wp\/v2\/users\/2"}],"replies":[{"embeddable":true,"href":"https:\/\/siebweb.com\/de\/wp-json\/wp\/v2\/comments?post=710"}],"version-history":[{"count":2,"href":"https:\/\/siebweb.com\/de\/wp-json\/wp\/v2\/pages\/710\/revisions"}],"predecessor-version":[{"id":840,"href":"https:\/\/siebweb.com\/de\/wp-json\/wp\/v2\/pages\/710\/revisions\/840"}],"wp:attachment":[{"href":"https:\/\/siebweb.com\/de\/wp-json\/wp\/v2\/media?parent=710"}],"curies":[{"name":"wp","href":"https:\/\/api.w.org\/{rel}","templated":true}]}}