{"id":748,"date":"2025-03-10T14:27:04","date_gmt":"2025-03-10T14:27:04","guid":{"rendered":"https:\/\/siebweb.com\/?page_id=748"},"modified":"2025-03-10T14:27:19","modified_gmt":"2025-03-10T14:27:19","slug":"anfrage-fur-seo-premium-paket","status":"publish","type":"page","link":"https:\/\/siebweb.com\/de\/seo-premium-plan-request\/","title":{"rendered":"Anfrage f\u00fcr SEO-Premium-Paket"},"content":{"rendered":"<div data-elementor-type=\"wp-page\" data-elementor-id=\"748\" class=\"elementor elementor-748\" data-elementor-settings=\"{&quot;element_pack_global_tooltip_width&quot;:{&quot;unit&quot;:&quot;px&quot;,&quot;size&quot;:&quot;&quot;,&quot;sizes&quot;:[]},&quot;element_pack_global_tooltip_width_tablet&quot;:{&quot;unit&quot;:&quot;px&quot;,&quot;size&quot;:&quot;&quot;,&quot;sizes&quot;:[]},&quot;element_pack_global_tooltip_width_mobile&quot;:{&quot;unit&quot;:&quot;px&quot;,&quot;size&quot;:&quot;&quot;,&quot;sizes&quot;:[]},&quot;element_pack_global_tooltip_padding&quot;:{&quot;unit&quot;:&quot;px&quot;,&quot;top&quot;:&quot;&quot;,&quot;right&quot;:&quot;&quot;,&quot;bottom&quot;:&quot;&quot;,&quot;left&quot;:&quot;&quot;,&quot;isLinked&quot;:true},&quot;element_pack_global_tooltip_padding_tablet&quot;:{&quot;unit&quot;:&quot;px&quot;,&quot;top&quot;:&quot;&quot;,&quot;right&quot;:&quot;&quot;,&quot;bottom&quot;:&quot;&quot;,&quot;left&quot;:&quot;&quot;,&quot;isLinked&quot;:true},&quot;element_pack_global_tooltip_padding_mobile&quot;:{&quot;unit&quot;:&quot;px&quot;,&quot;top&quot;:&quot;&quot;,&quot;right&quot;:&quot;&quot;,&quot;bottom&quot;:&quot;&quot;,&quot;left&quot;:&quot;&quot;,&quot;isLinked&quot;:true},&quot;element_pack_global_tooltip_border_radius&quot;:{&quot;unit&quot;:&quot;px&quot;,&quot;top&quot;:&quot;&quot;,&quot;right&quot;:&quot;&quot;,&quot;bottom&quot;:&quot;&quot;,&quot;left&quot;:&quot;&quot;,&quot;isLinked&quot;:true},&quot;element_pack_global_tooltip_border_radius_tablet&quot;:{&quot;unit&quot;:&quot;px&quot;,&quot;top&quot;:&quot;&quot;,&quot;right&quot;:&quot;&quot;,&quot;bottom&quot;:&quot;&quot;,&quot;left&quot;:&quot;&quot;,&quot;isLinked&quot;:true},&quot;element_pack_global_tooltip_border_radius_mobile&quot;:{&quot;unit&quot;:&quot;px&quot;,&quot;top&quot;:&quot;&quot;,&quot;right&quot;:&quot;&quot;,&quot;bottom&quot;:&quot;&quot;,&quot;left&quot;:&quot;&quot;,&quot;isLinked&quot;:true}}\" data-elementor-post-type=\"page\">\n\t\t\t\t<div class=\"elementor-element elementor-element-f964811 e-flex e-con-boxed e-con e-parent\" data-id=\"f964811\" data-element_type=\"container\" data-e-type=\"container\">\n\t\t\t\t\t<div class=\"e-con-inner\">\n\t\t\t\t<div class=\"elementor-element elementor-element-f5b5da6 elementor-widget__width-initial elementor-widget elementor-widget-jet-form-builder-form\" data-id=\"f5b5da6\" data-element_type=\"widget\" data-e-type=\"widget\" data-widget_type=\"jet-form-builder-form.default\">\n\t\t\t\t<div class=\"elementor-widget-container\">\n\t\t\t\t\t<link rel='stylesheet' id='wp-block-library-css' href='https:\/\/siebweb.com\/wp-includes\/css\/dist\/block-library\/style.min.css?ver=6.9.4' media='all' \/>\n<style id=\"jet-form-builder-731-inline-css\"><\/style><form  class=\"jet-form-builder layout-column submit-type-reload\" action=\"https:\/\/siebweb.com\/de\/wp-json\/wp\/v2\/pages\/748\/?V5o4QT=l3F77EG5wA&#038;method=reload\" method=\"POST\" data-form-id=\"731\" data-layout=\"column\" enctype=\"multipart\/form-data\" data-clear=\"1\" novalidate=\"null\" ssr_validation_method=\"rest\" data-trp-original-action=\"https:\/\/siebweb.com\/de\/wp-json\/wp\/v2\/pages\/748\/?V5o4QT=l3F77EG5wA&amp;method=reload\"><input type=\"hidden\" id=\"_wpnonce\" name=\"_wpnonce\" value=\"1582354223\" \/><input type=\"hidden\" name=\"_wp_http_referer\" value=\"\/de\/wp-json\/wp\/v2\/pages\/748\" \/>\r\n<input type=\"hidden\" name=\"_jfb_current_render_states[]\" value=\"DEFAULT.STATE\" data-jfb-sync \/><input type=\"hidden\" class=\"jet-form-builder__field hidden-field\" name=\"_jet_engine_booking_form_id\" data-field-name=\"_jet_engine_booking_form_id\" value=\"731\">\n<input type=\"hidden\" class=\"jet-form-builder__field hidden-field\" name=\"_jet_engine_refer\" data-field-name=\"_jet_engine_refer\" value=\"https:\/\/siebweb.com\/de\/wp-json\/wp\/v2\/pages\/748\/\">\n<input type=\"hidden\" class=\"jet-form-builder__field hidden-field\" name=\"__queried_post_id\" data-field-name=\"__queried_post_id\" value=\"748\">\n\n<h2 class=\"wp-block-heading has-text-align-center\">Erz\u00e4hlen Sie uns etwas \u00fcber sich und Ihr Unternehmen<\/h2>\n\n\n\n<p class=\"has-text-align-center\">Dieser erste Schritt hilft uns, Sie und Ihr Unternehmen kennenzulernen. Wir nutzen diese Informationen, um Ihren SEO-Plan und m\u00f6gliche Strategien auf Ihre einzigartige Identit\u00e4t und Branche zuzuschneiden.<\/p>\n\n\n<div  class=\"jet-form-builder-row field-type-text-field\" >\n<div class=\"jet-form-builder__label\">\r\n<div class=\"jet-form-builder__label-text\">Firmenname \/ Projektname <span class=\"jet-form-builder__required\">*<\/span><\/div><\/div><div class=\"jet-form-builder__field-wrap\">\n\t\t\t\t<input required=\"required\" name=\"company\" id=\"company\" type=\"text\" data-field-name=\"company\" class=\"jet-form-builder__field text-field\" data-jfb-sync=\"null\" autocomplete=\"off_kdMI9Hix\">\n\t\t\t\t\t<\/div><div class=\"jet-form-builder__desc\"><small>Wie lautet der Name Ihres Unternehmens oder Projekts? Dieser Name bildet die Grundlage f\u00fcr die Identit\u00e4t Ihrer Website, daher werden wir ihn verwenden, um etwas zu gestalten, das Sie wirklich repr\u00e4sentiert.<\/small><\/div>\n<\/div>\n\n<div  class=\"jet-form-builder-row field-type-text-field\" >\n<div class=\"jet-form-builder__label\">\r\n<div class=\"jet-form-builder__label-text\">Ihr vollst\u00e4ndiger Name <span class=\"jet-form-builder__required\">*<\/span><\/div><\/div><div class=\"jet-form-builder__field-wrap\">\n\t\t\t\t<input required=\"required\" name=\"name\" id=\"name\" type=\"text\" data-field-name=\"name\" class=\"jet-form-builder__field text-field\" data-jfb-sync=\"null\" autocomplete=\"off_hLS9fF5B\">\n\t\t\t\t\t<\/div><div class=\"jet-form-builder__desc\"><small>Mit wem arbeiten wir zusammen? Ihr Name hilft uns dabei, unsere Kommunikation zu personalisieren und sicherzustellen, dass wir w\u00e4hrend des gesamten Prozesses mit der richtigen Person in Kontakt stehen.<\/small><\/div>\n<\/div>\n\n<div  class=\"jet-form-builder-row field-type-text-field\" >\n<div class=\"jet-form-builder__label\">\r\n<div class=\"jet-form-builder__label-text\">E-Mail <span class=\"jet-form-builder__required\">*<\/span><\/div><\/div><div class=\"jet-form-builder__field-wrap\">\n\t\t\t\t<input required=\"required\" name=\"email\" id=\"email\" type=\"email\" data-field-name=\"email\" class=\"jet-form-builder__field text-field\" data-jfb-sync=\"null\" autocomplete=\"off_BTfYg8on\">\n\t\t\t\t\t<\/div><div class=\"jet-form-builder__desc\"><small>Wie k\u00f6nnen wir Sie erreichen? Wir verwenden diese Angaben, um Ihnen Updates zu senden, Fragen zu stellen und Sie \u00fcber die Fortschritte auf Ihrer Website zu informieren.<\/small><\/div>\n<\/div>\n\n<div  class=\"jet-form-builder-row field-type-text-field\" >\n<div class=\"jet-form-builder__label\">\r\n<div class=\"jet-form-builder__label-text\">Telefon<\/div><\/div><div class=\"jet-form-builder__field-wrap\">\n\t\t\t\t<input name=\"phone\" id=\"phone\" type=\"text\" data-field-name=\"phone\" class=\"jet-form-builder__field text-field\" data-jfb-sync=\"null\" autocomplete=\"off_DmpE2zst\">\n\t\t\t\t\t<\/div><div class=\"jet-form-builder__desc\"><small>OPTIONAL \u2013 Unter welcher Telefonnummer k\u00f6nnen wir Sie am besten erreichen? Manchmal l\u00e4sst sich etwas durch einen kurzen Anruf schneller kl\u00e4ren \u2013 wir nutzen diese Nummer nur, wenn es n\u00f6tig ist.<\/small><\/div>\n<\/div>\n\n<div  class=\"jet-form-builder-row field-type-text-field\" >\n<div class=\"jet-form-builder__label\">\r\n<div class=\"jet-form-builder__label-text\">Industrie  <span class=\"jet-form-builder__required\">*<\/span><\/div><\/div><div class=\"jet-form-builder__field-wrap\">\n\t\t\t\t<input required=\"required\" name=\"industry\" id=\"industry\" type=\"text\" data-field-name=\"industry\" class=\"jet-form-builder__field text-field\" data-jfb-sync=\"null\" autocomplete=\"off_7LiJRbjG\">\n\t\t\t\t\t<\/div><div class=\"jet-form-builder__desc\"><small>In welcher Branche ist Ihr Unternehmen t\u00e4tig (z. B. Einzelhandel, Technologie, Gesundheitswesen, Kreativwirtschaft)? Wenn wir Ihre Branche kennen, k\u00f6nnen wir eine Website gestalten, die Ihre Zielgruppe anspricht und zu Ihrem Markt passt.<\/small><\/div>\n<\/div>\n\n<div  class=\"jet-form-builder-row field-type-text-field\" >\n<div class=\"jet-form-builder__label\">\r\n<div class=\"jet-form-builder__label-text\"><span style=\", sans-serif;color: initial\">Aktuelle Website-URL<\/span> <span class=\"jet-form-builder__required\">*<\/span><\/div><\/div><div class=\"jet-form-builder__field-wrap\">\n\t\t\t\t<input required=\"required\" name=\"current_website\" id=\"current_website\" type=\"text\" data-field-name=\"current_website\" class=\"jet-form-builder__field text-field\" data-jfb-sync=\"null\" autocomplete=\"off_zlFtKuXT\">\n\t\t\t\t\t<\/div>\n<\/div>\n\n<div  class=\"jet-form-builder-row field-type-textarea-field\" >\n<div class=\"jet-form-builder__label\">\r\n<div class=\"jet-form-builder__label-text\">Konkurrenten<\/div><\/div><div class=\"jet-form-builder__field-wrap\">\n\t\t<textarea class=\"jet-form-builder__field textarea-field\" name=\"competitors\" data-field-name=\"competitors\" id=\"competitors\" data-jfb-sync=\"null\"><\/textarea>\n\t<\/div><div class=\"jet-form-builder__desc\"><small><em>Wer sind Ihre Mitbewerber? Nennen Sie mindestens einen, aber Sie k\u00f6nnen uns gerne bis zu drei oder mehr nennen (trennen Sie diese durch Kommas). Zu wissen, mit wem Sie konkurrieren, hilft uns dabei, Ihre Website hervorzuheben.<\/em><\/small><\/div>\n<\/div>\n\n<div  class=\"jet-form-builder-row field-type-textarea-field\" >\n<div class=\"jet-form-builder__label\">\r\n<div class=\"jet-form-builder__label-text\">Sonstige Anmerkungen <span class=\"jet-form-builder__required\">*<\/span><\/div><\/div><div class=\"jet-form-builder__field-wrap\">\n\t\t<textarea class=\"jet-form-builder__field textarea-field\" required=\"required\" name=\"description\" data-field-name=\"description\" id=\"description\" data-jfb-sync=\"null\"><\/textarea>\n\t<\/div>\n<\/div>\n\n<div  class=\"jet-form-builder-row field-type-checkbox-field\" >\n<div class=\"jet-form-builder__label\">\r\n<div class=\"jet-form-builder__label-text\">Datenschutzerkl\u00e4rung &amp; Nutzungsbedingungen <span class=\"jet-form-builder__required\">*<\/span><\/div><\/div><div class=\"jet-form-builder__fields-group checkradio-wrap\" data-jfb-sync><div class=\"jet-form-builder__field-wrap checkboxes-wrap checkradio-wrap\"><label class=\"jet-form-builder__field-label for-checkbox\">\n\t\t\t<input type=\"checkbox\" name=\"acceptance\" value=\"I agree to the website\u2019s Terms and Conditions and Privacy Policy.\" data-field-name=\"acceptance\"  class=\"jet-form-builder__field checkboxes-field checkradio-field\" required=\"required\"><span>Ich stimme den Nutzungsbedingungen der Website zu. <a href=\"https:\/\/siebweb.com\/de\/terms\/\" target=\"_blank\">Allgemeine Gesch\u00e4ftsbedingungen<\/a> und <a href=\"https:\/\/siebweb.com\/de\/datenschutzerklarung\/\" target=\"_blank\">Datenschutzbestimmungen<\/a>.<\/span><\/label><\/div><\/div>\n<\/div>\n\n<div  class=\"jet-form-builder-row field-type-checkbox-field\" >\n<div class=\"jet-form-builder__label\">\r\n<div class=\"jet-form-builder__label-text\">Newsletter<\/div><\/div><div class=\"jet-form-builder__fields-group checkradio-wrap\" data-jfb-sync><div class=\"jet-form-builder__field-wrap checkboxes-wrap checkradio-wrap\"><label class=\"jet-form-builder__field-label for-checkbox\">\n\t\t\t<input type=\"checkbox\" name=\"newsletter\" value=\"I\u2019d like to subscribe to your newsletter for updates and news.\" data-field-name=\"newsletter\"  class=\"jet-form-builder__field checkboxes-field checkradio-field\"><span>Ich m\u00f6chte Ihren Newsletter abonnieren, um Updates und Neuigkeiten zu erhalten.<\/span><\/label><\/div><\/div>\n<\/div>\n\n<div  class=\"jet-form-builder-row field-type-submit-field\" >\n\t<div data-type=\"submit\" class=\"jet-form-builder__action-button-wrapper jet-form-builder__submit-wrap\">\n\t<button class=\"jet-form-builder__action-button jet-form-builder__submit submit-type-reload\" type=\"submit\">Einreichen<\/button>\n\t<\/div>\n\t\n<\/div>\n\n\n<p><\/p>\n\t<div class=\"jet-form-builder-messages-wrap\" data-form-id=\"731\"><\/div>\n<input type=\"hidden\" name=\"trp-form-language\" value=\"de\"\/><\/form>\n\t\t\t\t<\/div>\n\t\t\t\t<\/div>\n\t\t\t\t\t<\/div>\n\t\t\t\t<\/div>\n\t\t\t\t<\/div>","protected":false},"excerpt":{"rendered":"<p>Tell Us About You and Your Business This first step helps us get to know you and your company. We\u2019ll use this [&hellip;]<\/p>\n","protected":false},"author":1,"featured_media":0,"parent":0,"menu_order":0,"comment_status":"closed","ping_status":"closed","template":"","meta":{"_jf_save_progress":"","footnotes":""},"class_list":["post-748","page","type-page","status-publish","hentry"],"_hostinger_reach_plugin_has_subscription_block":false,"_hostinger_reach_plugin_is_elementor":false,"_links":{"self":[{"href":"https:\/\/siebweb.com\/de\/wp-json\/wp\/v2\/pages\/748","targetHints":{"allow":["GET"]}}],"collection":[{"href":"https:\/\/siebweb.com\/de\/wp-json\/wp\/v2\/pages"}],"about":[{"href":"https:\/\/siebweb.com\/de\/wp-json\/wp\/v2\/types\/page"}],"author":[{"embeddable":true,"href":"https:\/\/siebweb.com\/de\/wp-json\/wp\/v2\/users\/1"}],"replies":[{"embeddable":true,"href":"https:\/\/siebweb.com\/de\/wp-json\/wp\/v2\/comments?post=748"}],"version-history":[{"count":4,"href":"https:\/\/siebweb.com\/de\/wp-json\/wp\/v2\/pages\/748\/revisions"}],"predecessor-version":[{"id":752,"href":"https:\/\/siebweb.com\/de\/wp-json\/wp\/v2\/pages\/748\/revisions\/752"}],"wp:attachment":[{"href":"https:\/\/siebweb.com\/de\/wp-json\/wp\/v2\/media?parent=748"}],"curies":[{"name":"wp","href":"https:\/\/api.w.org\/{rel}","templated":true}]}}