{"id":3,"date":"2024-11-18T14:22:18","date_gmt":"2024-11-18T14:22:18","guid":{"rendered":"https:\/\/siebweb.com\/?page_id=3"},"modified":"2025-03-03T11:03:23","modified_gmt":"2025-03-03T11:03:23","slug":"politica-de-privacidad","status":"publish","type":"page","link":"https:\/\/siebweb.com\/es\/privacy-policy\/","title":{"rendered":"Pol\u00edtica de privacidad"},"content":{"rendered":"<p>Fecha de entrada en vigor: 31 de marzo de 2025<\/p>\r\n<p>Eduardo Arturo Sieber Artiles (\u201cnosotros\u201d, \u201cnos\u201d o \u201cnuestro\u201d) opera el sitio web https:\/\/siebweb.com\/ (en adelante, el \u201cServicio\u201d).<\/p>\r\n<p>Esta p\u00e1gina le informa sobre nuestras pol\u00edticas con respecto a la recopilaci\u00f3n, el uso y la divulgaci\u00f3n de datos personales cuando utiliza nuestro Servicio, as\u00ed como sobre las opciones que tiene en relaci\u00f3n con dichos datos.<\/p>\r\n<p>Utilizamos sus datos para proporcionar y mejorar el Servicio. Al utilizar el Servicio, usted acepta la recopilaci\u00f3n y el uso de informaci\u00f3n de acuerdo con esta pol\u00edtica. A menos que se defina lo contrario en esta Pol\u00edtica de privacidad, los t\u00e9rminos utilizados en esta Pol\u00edtica de privacidad tienen el mismo significado que en nuestros T\u00e9rminos y condiciones, accesibles desde https:\/\/siebweb.com\/.<\/p>\r\n<h4 class=\"wp-block-heading\">Definiciones<\/h4>\r\n<ul class=\"wp-block-list\">\r\n<li><strong>Servicio<\/strong>El servicio es el sitio web https:\/\/siebweb.com\/ operado por Eduardo Sieber.<\/li>\r\n<li><strong>Datos personales<\/strong>Los datos personales son datos sobre una persona viva que puede identificarse a partir de dichos datos (o a partir de esos y otros datos que est\u00e9n en nuestro poder o que puedan llegar a estarlo).<\/li>\r\n<li><strong>Datos de uso<\/strong>Los datos de uso son datos recopilados autom\u00e1ticamente, ya sea generados por el uso del Servicio o por la propia infraestructura del Servicio (por ejemplo, la duraci\u00f3n de una visita a una p\u00e1gina).<\/li>\r\n<li><strong>Cookies<\/strong>Las cookies son peque\u00f1os archivos que se almacenan en su dispositivo (computadora o dispositivo m\u00f3vil). Las \u201dcookies\u201d son peque\u00f1os archivos que se almacenan en las computadoras de los usuarios. En las cookies se puede almacenar informaci\u00f3n diversa. Una cookie sirve principalmente para almacenar informaci\u00f3n sobre un usuario (o el dispositivo en el que se almacena la cookie) durante o despu\u00e9s de su visita a una oferta en l\u00ednea. Las cookies temporales, o \u2019cookies de sesi\u00f3n\u201c o \u201dcookies transitorias\u201c, son cookies que se eliminan despu\u00e9s de que un usuario abandona un servicio en l\u00ednea y cierra su navegador. En una cookie de este tipo se almacena, por ejemplo, el contenido de un carrito de la compra en una tienda en l\u00ednea o el estado de inicio de sesi\u00f3n. \u201dPersistentes\u201c o \u201dpersistentes\u201c se refiere a las cookies que permanecen almacenadas incluso despu\u00e9s de cerrar el navegador. As\u00ed, por ejemplo, el estado de inicio de sesi\u00f3n se guardar\u00e1 si los usuarios lo visitan despu\u00e9s de varios d\u00edas. Del mismo modo, en una cookie de este tipo se pueden almacenar los intereses de los usuarios, que se utilizan con fines de medici\u00f3n de alcance o de marketing. Una \u201dcookie de terceros\u201c se refiere a las cookies que ofrecen otros proveedores distintos del responsable de la oferta en l\u00ednea (de lo contrario, si solo se denominan \u201dcookies propias\u201c).\u00a0Podemos utilizar cookies temporales y permanentes y aclararlo en el contexto de nuestra pol\u00edtica de privacidad. En la medida en que solicitemos a los usuarios su consentimiento para el uso de cookies (por ejemplo, en el contexto de un consentimiento de cookies), la base jur\u00eddica de este tratamiento es el art\u00edculo 6, apartado 1, letra a) del RGPD. De lo contrario, las cookies personales de los usuarios, seg\u00fan las siguientes explicaciones en el contexto de esta Pol\u00edtica de Privacidad, se basan en nuestros intereses leg\u00edtimos (es decir, el inter\u00e9s en el an\u00e1lisis, la optimizaci\u00f3n y el funcionamiento econ\u00f3mico de nuestra oferta en l\u00ednea en el sentido del art\u00edculo 6, apartado 1, letra a) del RGPD), o si el uso de cookies es necesario para la prestaci\u00f3n de nuestros servicios contractuales, de conformidad con el art\u00edculo 6, apartado 1, letra b) del RGPD, o si el uso de cookies es necesario para el cumplimiento de obligaciones legales (por ejemplo, el cumplimiento de la ley de cookies). RGPD) o si el uso de cookies es necesario para prestar nuestros servicios contractuales, de conformidad con el art\u00edculo 6, apartado 1, letra b) del RGPD, o si el uso de cookies es necesario para el cumplimiento de una misi\u00f3n de inter\u00e9s p\u00fablico o en el ejercicio del poder p\u00fablico, de conformidad con el art\u00edculo 6, apartado 1, letra e) del RGPD.\u00a0Si los usuarios no desean que se almacenen cookies en su equipo, se les pedir\u00e1 que desactiven la opci\u00f3n en la configuraci\u00f3n del sistema de su navegador. Las cookies guardadas pueden eliminarse en la configuraci\u00f3n del sistema del navegador. La exclusi\u00f3n de las cookies puede dar lugar a restricciones funcionales de esta oferta en l\u00ednea. En diversos servicios, especialmente en el caso del seguimiento, se puede encontrar una objeci\u00f3n general al uso de cookies con fines de marketing en l\u00ednea a trav\u00e9s del sitio web estadounidense\u00a0<a href=\"https:\/\/siebweb.com\/es\/politica-de-privacidad\/\" target=\"_blank\" rel=\"noopener\">http:\/\/www.aboutads.info\/choices\/<\/a>\u00a0o en el sitio web de la UE http:\/\/www.youronlinechoices.com\/. Adem\u00e1s, el almacenamiento de cookies se puede desactivar en la configuraci\u00f3n del navegador. Tenga en cuenta que es posible que no se puedan utilizar todas las funciones de esta oferta en l\u00ednea.<\/li>\r\n<li><strong>Responsable del tratamiento de datos<\/strong>El responsable del tratamiento de datos es la persona f\u00edsica o jur\u00eddica que (ya sea sola o conjuntamente con otras personas) determina los fines y la forma en que se tratan o se tratar\u00e1n los datos personales. A los efectos de la presente Pol\u00edtica de privacidad, somos los responsables del tratamiento de sus datos personales.<\/li>\r\n<li><strong>Procesadores de datos (o proveedores de servicios)<\/strong>El encargado del tratamiento (o proveedor de servicios) es cualquier persona f\u00edsica o jur\u00eddica que trata los datos por cuenta del responsable del tratamiento. Podemos utilizar los servicios de varios proveedores de servicios para tratar sus datos de forma m\u00e1s eficaz.<\/li>\r\n<li><strong>Interesado (o usuario)<\/strong>El interesado es cualquier persona f\u00edsica viva que utilice nuestro Servicio y sea objeto de Datos personales.<\/li>\r\n<\/ul>\r\n<h4 class=\"wp-block-heading\">Recopilaci\u00f3n y uso de informaci\u00f3n<\/h4>\r\n<p>Recopilamos varios tipos de informaci\u00f3n con diversos fines para proporcionarle y mejorar nuestro Servicio.<\/p>\r\n<h3 class=\"wp-block-heading\">Tipos de datos recopilados<\/h3>\r\n<h4 class=\"wp-block-heading\">Datos personales<\/h4>\r\n<p>Mientras utiliza nuestro Servicio, es posible que le solicitemos que nos proporcione cierta informaci\u00f3n de identificaci\u00f3n personal que pueda utilizarse para contactarle o identificarle (\u201cDatos personales\u201d). La informaci\u00f3n de identificaci\u00f3n personal puede incluir, entre otros:<\/p>\r\n<ul class=\"wp-block-list\">\r\n<li>Direcci\u00f3n de correo electr\u00f3nico<\/li>\r\n<li>Nombre y apellido<\/li>\r\n<li>N\u00famero de tel\u00e9fono<\/li>\r\n<li>Cookies y datos de uso<\/li>\r\n<\/ul>\r\n<p>Podemos utilizar sus Datos personales para enviarle boletines informativos, materiales de marketing o promocionales y otra informaci\u00f3n que pueda ser de su inter\u00e9s. Puede optar por no recibir ninguna o todas estas comunicaciones de nuestra parte siguiendo el enlace para darse de baja o las instrucciones proporcionadas en cualquier correo electr\u00f3nico que le enviemos, o bien poni\u00e9ndose en contacto con nosotros.<\/p>\r\n<h4 class=\"wp-block-heading\">Datos de uso<\/h4>\r\n<p>Tambi\u00e9n podemos recopilar informaci\u00f3n sobre c\u00f3mo se accede y se utiliza el Servicio (\u201cDatos de uso\u201d). Estos Datos de uso pueden incluir informaci\u00f3n como la direcci\u00f3n del Protocolo de Internet de su computadora (por ejemplo, la direcci\u00f3n IP), el tipo de navegador, la versi\u00f3n del navegador, las p\u00e1ginas de nuestro Servicio que visita, la hora y la fecha de su visita, el tiempo que pasa en esas p\u00e1ginas, los identificadores \u00fanicos del dispositivo y otros datos de diagn\u00f3stico.<\/p>\r\n<h4 class=\"wp-block-heading\">Datos de seguimiento y cookies<\/h4>\r\n<p>Utilizamos cookies y tecnolog\u00edas de seguimiento similares para rastrear la actividad en nuestro Servicio y conservamos cierta informaci\u00f3n.<\/p>\r\n<p>Las cookies son archivos con una peque\u00f1a cantidad de datos que pueden incluir un identificador \u00fanico an\u00f3nimo. Las cookies se env\u00edan a su navegador desde un sitio web y se almacenan en su dispositivo. Tambi\u00e9n se utilizan otras tecnolog\u00edas de seguimiento, como balizas, etiquetas y scripts, para recopilar y rastrear informaci\u00f3n, as\u00ed como para mejorar y analizar nuestro Servicio.<\/p>\r\n<p>Puede configurar su navegador para que rechace todas las cookies o para que le avise cuando se env\u00eda una cookie. Sin embargo, si no acepta las cookies, es posible que no pueda utilizar algunas partes de nuestro Servicio.<\/p>\r\n<p>Ejemplos de cookies que utilizamos:<\/p>\r\n<ul class=\"wp-block-list\">\r\n<li><strong>Cookies de sesi\u00f3n.<\/strong>\u00a0Utilizamos cookies de sesi\u00f3n para operar nuestro Servicio.<\/li>\r\n<li><strong>Cookies de preferencias.<\/strong>\u00a0Utilizamos cookies de preferencias para recordar sus preferencias y diversos ajustes.<\/li>\r\n<li><strong>Cookies de seguridad.<\/strong>\u00a0Utilizamos cookies de seguridad con fines de seguridad.<\/li>\r\n<\/ul>\r\n<h4 class=\"wp-block-heading\">Uso de los datos<\/h4>\r\n<p>Eduardo Sieber utiliza los datos recopilados para diversos fines:<\/p>\r\n<ul class=\"wp-block-list\">\r\n<li>Para proporcionar y mantener nuestro Servicio.<\/li>\r\n<li>Para notificarle sobre cambios en nuestro Servicio.<\/li>\r\n<li>Para permitirle participar en las funciones interactivas de nuestro Servicio cuando as\u00ed lo desee.<\/li>\r\n<li>Brindar atenci\u00f3n al cliente.<\/li>\r\n<li>Recopilar an\u00e1lisis o informaci\u00f3n valiosa para poder mejorar nuestro Servicio.<\/li>\r\n<li>Para supervisar el uso de nuestro Servicio.<\/li>\r\n<li>Detectar, prevenir y resolver problemas t\u00e9cnicos.<\/li>\r\n<li>Para proporcionarle noticias, ofertas especiales e informaci\u00f3n general sobre otros productos, servicios y eventos que ofrecemos y que son similares a los que ya ha comprado o sobre los que ha solicitado informaci\u00f3n, a menos que haya optado por no recibir dicha informaci\u00f3n.<\/li>\r\n<\/ul>\r\n<h4 class=\"wp-block-heading\">Base jur\u00eddica para el tratamiento de datos personales en virtud del Reglamento General de Protecci\u00f3n de Datos (RGPD)<\/h4>\r\n<p>Si usted reside en el Espacio Econ\u00f3mico Europeo (EEE), la base jur\u00eddica de Eduardo Sieber para recopilar y utilizar la informaci\u00f3n personal descrita en esta Pol\u00edtica de Privacidad depende de los Datos Personales que recopilemos y del contexto espec\u00edfico en el que los recopilemos.<\/p>\r\n<p>Eduardo Sieber puede procesar sus Datos Personales porque:<\/p>\r\n<ul class=\"wp-block-list\">\r\n<li>Necesitamos celebrar un contrato contigo.<\/li>\r\n<li>Nos ha dado permiso para hacerlo.<\/li>\r\n<li>El tratamiento responde a nuestros intereses leg\u00edtimos y no prevalece sobre sus derechos.<\/li>\r\n<li>Para fines de procesamiento de pagos.<\/li>\r\n<li>Cumplir con la ley.<\/li>\r\n<\/ul>\r\n<h4 class=\"wp-block-heading\">Conservaci\u00f3n de datos<\/h4>\r\n<p>Eduardo Sieber conservar\u00e1 sus datos personales solo durante el tiempo que sea necesario para los fines establecidos en esta Pol\u00edtica de privacidad. Conservaremos y utilizaremos sus datos personales en la medida necesaria para cumplir con nuestras obligaciones legales (por ejemplo, si se nos exige conservar sus datos para cumplir con las leyes aplicables), resolver disputas y hacer cumplir nuestros acuerdos y pol\u00edticas legales.<\/p>\r\n<p>Eduardo Sieber tambi\u00e9n conservar\u00e1 los Datos de uso con fines de an\u00e1lisis interno. Los Datos de uso se conservan generalmente durante un periodo de tiempo m\u00e1s corto, excepto cuando estos datos se utilizan para reforzar la seguridad o mejorar la funcionalidad de nuestro Servicio, o cuando estamos legalmente obligados a conservar estos datos durante periodos m\u00e1s largos.<\/p>\r\n<h4 class=\"wp-block-heading\">Transferencia de datos<\/h4>\r\n<p>Su informaci\u00f3n, incluidos los datos personales, puede transferirse y conservarse en computadoras ubicadas fuera de su estado, provincia, pa\u00eds u otra jurisdicci\u00f3n gubernamental, donde las leyes de protecci\u00f3n de datos pueden diferir de las de su jurisdicci\u00f3n.<\/p>\r\n<p>Si se encuentra fuera de Alemania y decide proporcionarnos informaci\u00f3n, tenga en cuenta que transferimos los datos, incluidos los datos personales, a Alemania y los procesamos all\u00ed.<\/p>\r\n<p>Su consentimiento a esta Pol\u00edtica de Privacidad seguido del env\u00edo de dicha informaci\u00f3n representa su aceptaci\u00f3n de dicha transferencia.<\/p>\r\n<p>Eduardo Sieber tomar\u00e1 todas las medidas razonablemente necesarias para garantizar que sus datos se traten de forma segura y de acuerdo con esta Pol\u00edtica de Privacidad, y no se realizar\u00e1 ninguna transferencia de sus Datos Personales a una organizaci\u00f3n o pa\u00eds a menos que existan controles adecuados, incluida la seguridad de sus datos y otra informaci\u00f3n personal.<\/p>\r\n<h3 class=\"wp-block-heading\">Divulgaci\u00f3n de datos<\/h3>\r\n<h4 class=\"wp-block-heading\">Requisitos legales<\/h4>\r\n<p>Eduardo Sieber puede divulgar sus Datos personales si cree de buena fe que dicha acci\u00f3n es necesaria para:<\/p>\r\n<ul class=\"wp-block-list\">\r\n<li>Para cumplir con una obligaci\u00f3n legal.<\/li>\r\n<li>Para proteger y defender los derechos o la propiedad de Eduardo Sieber.<\/li>\r\n<li>Para prevenir o investigar posibles irregularidades relacionadas con el Servicio.<\/li>\r\n<li>Para proteger la seguridad personal de los usuarios del Servicio o del p\u00fablico.<\/li>\r\n<li>Para protegerse contra la responsabilidad legal.<\/li>\r\n<\/ul>\r\n<h4 class=\"wp-block-heading\">Seguridad de los datos<\/h4>\r\n<p>La seguridad de sus datos es importante para nosotros, pero recuerde que ning\u00fan m\u00e9todo de transmisi\u00f3n por Internet o m\u00e9todo de almacenamiento electr\u00f3nico es 100 % seguro. Aunque nos esforzamos por utilizar medios comercialmente aceptables para proteger sus datos personales, no podemos garantizar su seguridad absoluta.<\/p>\r\n<h4 class=\"wp-block-heading\">Sus derechos de protecci\u00f3n de datos en virtud del Reglamento General de Protecci\u00f3n de Datos (RGPD)<\/h4>\r\n<p>Si usted es residente del Espacio Econ\u00f3mico Europeo (EEE), tiene ciertos derechos en materia de protecci\u00f3n de datos. Eduardo Sieber se compromete a tomar las medidas razonables para permitirle corregir, modificar, eliminar o limitar el uso de sus datos personales.<\/p>\r\n<p>Si desea que le informemos sobre los datos personales que tenemos sobre usted y desea que sean eliminados de nuestros sistemas, p\u00f3ngase en contacto con nosotros.<\/p>\r\n<p>En determinadas circunstancias, usted tiene los siguientes derechos en materia de protecci\u00f3n de datos:<\/p>\r\n<ul class=\"wp-block-list\">\r\n<li><strong>El derecho a acceder, actualizar o eliminar la informaci\u00f3n que tenemos sobre usted.<\/strong>\u00a0Siempre que sea posible, puede acceder, actualizar o solicitar la eliminaci\u00f3n de sus Datos personales directamente en la secci\u00f3n de configuraci\u00f3n de su cuenta. Si no puede realizar estas acciones por s\u00ed mismo, p\u00f3ngase en contacto con nosotros para que le ayudemos.<\/li>\r\n<li><strong>El derecho de rectificaci\u00f3n.<\/strong>\u00a0Tienes derecho a que se rectifique tu informaci\u00f3n si esta es inexacta o incompleta.<\/li>\r\n<li><strong>El derecho a oponerse.<\/strong>\u00a0Tienes derecho a oponerte al tratamiento de tus datos personales.<\/li>\r\n<li><strong>El derecho de restricci\u00f3n.<\/strong>\u00a0Tiene derecho a solicitar que restrinjamos el tratamiento de su informaci\u00f3n personal.<\/li>\r\n<li><strong>El derecho a la portabilidad de los datos.<\/strong>\u00a0Tienes derecho a que te proporcionemos una copia de la informaci\u00f3n que tenemos sobre ti en un formato estructurado, legible por m\u00e1quina y de uso com\u00fan.<\/li>\r\n<li><strong>El derecho a retirar el consentimiento.<\/strong>\u00a0Tambi\u00e9n tiene derecho a retirar su consentimiento en cualquier momento cuando Eduardo Sieber se haya basado en su consentimiento para procesar su informaci\u00f3n personal.<\/li>\r\n<\/ul>\r\n<p>Tenga en cuenta que es posible que le solicitemos que verifique su identidad antes de responder a dichas solicitudes.<\/p>\r\n<p>Tiene derecho a presentar una queja ante una autoridad de protecci\u00f3n de datos sobre nuestra recopilaci\u00f3n y uso de sus datos personales. Para obtener m\u00e1s informaci\u00f3n, p\u00f3ngase en contacto con su autoridad local de protecci\u00f3n de datos en el Espacio Econ\u00f3mico Europeo (EEE).<\/p>\r\n<h4 class=\"wp-block-heading\">Proveedores de servicios<\/h4>\r\n<p>Podemos contratar a terceras empresas y personas para facilitar nuestro Servicio (\u201cProveedores de servicios\u201d), prestar el Servicio en nuestro nombre, realizar servicios relacionados con el Servicio o ayudarnos a analizar c\u00f3mo se utiliza nuestro Servicio.<\/p>\r\n<p>Estos terceros tienen acceso a sus Datos personales \u00fanicamente para realizar estas tareas en nuestro nombre y est\u00e1n obligados a no divulgarlos ni utilizarlos para ning\u00fan otro fin.<\/p>\r\n<h4 class=\"wp-block-heading\">An\u00e1lisis<\/h4>\r\n<p>Podemos utilizar proveedores de servicios externos para supervisar y analizar el uso de nuestro Servicio.<\/p>\r\n<ul class=\"wp-block-list\">\r\n<li><strong>Google Analytics<\/strong>Google Analytics es un servicio de an\u00e1lisis web ofrecido por Google que rastrea e informa sobre el tr\u00e1fico de los sitios web. Google utiliza los datos recopilados para rastrear y supervisar el uso de nuestro Servicio. Estos datos se comparten con otros servicios de Google. Google puede utilizar los datos recopilados para contextualizar y personalizar los anuncios de su propia red publicitaria. Puede optar por que su actividad en el Servicio no est\u00e9 disponible para Google Analytics instalando el complemento de inhabilitaci\u00f3n para navegadores de Google Analytics. El complemento impide que el JavaScript de Google Analytics (ga.js, analytics.js y dc.js) comparta informaci\u00f3n con Google Analytics sobre la actividad de las visitas. Para obtener m\u00e1s informaci\u00f3n sobre las pr\u00e1cticas de privacidad de Google, visite la p\u00e1gina web de Privacidad y condiciones de Google:\u00a0<a href=\"https:\/\/policies.google.com\/privacy?hl=en\" target=\"_blank\" rel=\"noopener noreferrer nofollow\">https:\/\/policies.google.com\/privacy?hl=en<\/a><\/li>\r\n<\/ul>\r\n<h4 class=\"wp-block-heading\">Pagos<\/h4>\r\n<p>Podemos ofrecer productos y\/o servicios de pago dentro del Servicio. En ese caso, utilizamos servicios de terceros para el procesamiento de pagos (por ejemplo, procesadores de pagos).<\/p>\r\n<p>No almacenaremos ni recopilaremos los datos de su tarjeta de pago. Esa informaci\u00f3n se proporciona directamente a nuestros procesadores de pagos externos, cuyo uso de su informaci\u00f3n personal se rige por su Pol\u00edtica de Privacidad. Estos procesadores de pagos cumplen con las normas establecidas por PCI-DSS, gestionadas por el PCI Security Standards Council, que es una iniciativa conjunta de marcas como Visa, MasterCard, American Express y Discover. Los requisitos de PCI-DSS ayudan a garantizar el manejo seguro de la informaci\u00f3n de pago.<\/p>\r\n<p>Los procesadores de pagos con los que trabajamos son:<\/p>\r\n<ul class=\"wp-block-list\">\r\n<li><strong>Rayas<\/strong>Su Pol\u00edtica de Privacidad puede consultarse en\u00a0<a href=\"https:\/\/stripe.com\/us\/privacy\" target=\"_blank\" rel=\"noopener noreferrer nofollow\">https:\/\/stripe.com\/us\/privacy<\/a><\/li>\r\n<li><strong>PayPal \/ Braintree<\/strong>Su Pol\u00edtica de Privacidad puede consultarse en\u00a0<a href=\"https:\/\/www.paypal.com\/webapps\/mpp\/ua\/privacy-full\" target=\"_blank\" rel=\"noopener noreferrer nofollow\">https:\/\/www.paypal.com\/webapps\/mpp\/ua\/privacy-full<\/a><\/li>\r\n<\/ul>\r\n<h4 class=\"wp-block-heading\">Enlaces a otros sitios<\/h4>\r\n<p>Nuestro Servicio puede contener enlaces a otros sitios que no son operados por nosotros. Si hace clic en un enlace de un tercero, ser\u00e1 redirigido al sitio de ese tercero. Le recomendamos encarecidamente que revise la Pol\u00edtica de Privacidad de cada sitio que visite.<\/p>\r\n<p>No tenemos control ni asumimos ninguna responsabilidad por el contenido, las pol\u00edticas de privacidad o las pr\u00e1cticas de los sitios o servicios de terceros.<\/p>\r\n<h4 class=\"wp-block-heading\">Privacidad infantil<\/h4>\r\n<p>Nuestro Servicio no est\u00e1 dirigido a menores de 18 a\u00f1os (\u201cNi\u00f1os\u201d).<\/p>\r\n<p>No recopilamos deliberadamente informaci\u00f3n personal identificable de menores de 18 a\u00f1os. Si usted es padre, madre o tutor y sabe que su hijo nos ha proporcionado datos personales, p\u00f3ngase en contacto con nosotros. Si descubrimos que hemos recopilado datos personales de menores sin verificar el consentimiento de los padres, tomaremos las medidas necesarias para eliminar dicha informaci\u00f3n de nuestros servidores.<\/p>\r\n<h4 class=\"wp-block-heading\">Cambios en esta Pol\u00edtica de Privacidad<\/h4>\r\n<p>Podemos actualizar nuestra Pol\u00edtica de Privacidad de vez en cuando. Le notificaremos cualquier cambio mediante la publicaci\u00f3n de la nueva Pol\u00edtica de Privacidad en esta p\u00e1gina.<\/p>\r\n<p>Le informaremos por correo electr\u00f3nico y\/o mediante un aviso destacado en nuestro Servicio, antes de que el cambio entre en vigor, y actualizaremos la \u201cfecha de entrada en vigor\u201d que figura en la parte superior de esta Pol\u00edtica de Privacidad.<\/p>\r\n<p>Le recomendamos que revise peri\u00f3dicamente esta Pol\u00edtica de privacidad para conocer cualquier cambio. Los cambios en esta Pol\u00edtica de privacidad entran en vigor cuando se publican en esta p\u00e1gina.<\/p>\r\n<h4 class=\"wp-block-heading\">Cont\u00e1ctenos<\/h4>\r\n<p>Si tiene alguna pregunta sobre esta Pol\u00edtica de privacidad, p\u00f3ngase en contacto con nosotros:<\/p>\r\n<ul class=\"wp-block-list\">\r\n<li>Por correo electr\u00f3nico: <a href=\"mailto:hi@siebweb.com\">hi@siebweb.com<\/a><\/li>\r\n<li>Al visitar esta p\u00e1gina de nuestro sitio web: <a href=\"https:\/\/siebweb.com\/es\/contacto\/\">https:\/\/siebweb.com\/contact<\/a><\/li>\r\n<\/ul>","protected":false},"excerpt":{"rendered":"<p>Effective date: March 31, 2025 Eduardo Arturo Sieber Artiles (\u201cus\u201d, \u201cwe\u201d, or \u201cour\u201d) operates the https:\/\/siebweb.com\/ website (hereinafter referred to as the [&hellip;]<\/p>\n","protected":false},"author":1,"featured_media":0,"parent":0,"menu_order":0,"comment_status":"closed","ping_status":"closed","template":"","meta":{"_jf_save_progress":"","footnotes":""},"class_list":["post-3","page","type-page","status-publish","hentry"],"_hostinger_reach_plugin_has_subscription_block":false,"_hostinger_reach_plugin_is_elementor":false,"_links":{"self":[{"href":"https:\/\/siebweb.com\/es\/wp-json\/wp\/v2\/pages\/3","targetHints":{"allow":["GET"]}}],"collection":[{"href":"https:\/\/siebweb.com\/es\/wp-json\/wp\/v2\/pages"}],"about":[{"href":"https:\/\/siebweb.com\/es\/wp-json\/wp\/v2\/types\/page"}],"author":[{"embeddable":true,"href":"https:\/\/siebweb.com\/es\/wp-json\/wp\/v2\/users\/1"}],"replies":[{"embeddable":true,"href":"https:\/\/siebweb.com\/es\/wp-json\/wp\/v2\/comments?post=3"}],"version-history":[{"count":3,"href":"https:\/\/siebweb.com\/es\/wp-json\/wp\/v2\/pages\/3\/revisions"}],"predecessor-version":[{"id":707,"href":"https:\/\/siebweb.com\/es\/wp-json\/wp\/v2\/pages\/3\/revisions\/707"}],"wp:attachment":[{"href":"https:\/\/siebweb.com\/es\/wp-json\/wp\/v2\/media?parent=3"}],"curies":[{"name":"wp","href":"https:\/\/api.w.org\/{rel}","templated":true}]}}