{"id":708,"date":"2025-03-03T11:04:41","date_gmt":"2025-03-03T11:04:41","guid":{"rendered":"https:\/\/siebweb.com\/?page_id=708"},"modified":"2025-04-11T18:40:24","modified_gmt":"2025-04-11T17:40:24","slug":"imprimir","status":"publish","type":"page","link":"https:\/\/siebweb.com\/es\/imprint\/","title":{"rendered":"Aviso legal"},"content":{"rendered":"<h3 class=\"wp-block-heading\">Divulgaci\u00f3n legal<\/h3>\n<p>Informaci\u00f3n de conformidad con el art\u00edculo 5 de la Ley alemana sobre servicios de telecomunicaci\u00f3n (TMG)<\/p>\n<p>Siebweb, de Eduardo Arturo Sieber Artiles<br \/>\nHeubnerweg 9<br \/>\n14059 Berl\u00edn.<\/p>\n<h4 class=\"wp-block-heading\">Informaci\u00f3n de contacto<\/h4>\n<p>Correo electr\u00f3nico:\u00a0<a href=\"mailto:hi@siebweb.com\">hi@siebweb.com<\/a><br \/>\nDirecci\u00f3n de Internet: <a href=\"https:\/\/siebweb.com\/es\/\">https:\/\/siebweb.com<\/a><\/p>\n<h4 class=\"wp-block-heading\">n\u00famero de IVA<\/h4>\n<p>N\u00famero de identificaci\u00f3n fiscal de conformidad con el art\u00edculo 27 a de la Ley alemana del IVA.<br \/>\nDE317966842<\/p>\n<h4 class=\"wp-block-heading\">Profesiones reguladas \/ independientes<\/h4>\n<p>Cargo: Especialista en mercadotecnia digital, inform\u00e1tico, desarrollador web<\/p>\n<h4 class=\"wp-block-heading\">Fuentes de gr\u00e1ficos e im\u00e1genes<\/h4>\n<p>https:\/\/www.freepik.com\/https:\/\/www.flaticon.com\/https:\/\/www.pexels.com\/https:\/\/www.freeimages.com\/<\/p>\n<h4 class=\"wp-block-heading\">Descargo de responsabilidad<\/h4>\n<p>Responsabilidad por el contenido<br \/>\nEl contenido de nuestras p\u00e1ginas ha sido creado con el mayor cuidado. Sin embargo, no podemos garantizar la exactitud, integridad o actualidad de los contenidos. De acuerdo con las disposiciones legales, somos responsables de nuestro propio contenido en estas p\u00e1ginas web. En este sentido, tenga en cuenta que no estamos obligados a supervisar la informaci\u00f3n transmitida o almacenada por terceros, ni a investigar circunstancias que apunten a actividades ilegales. Nuestras obligaciones de eliminar o bloquear el uso de la informaci\u00f3n en virtud de las leyes de aplicaci\u00f3n general no se ven afectadas por ello, de conformidad con los art\u00edculos 8 a 10 de la Ley de Telemedia (TMG).<\/p>\n<p>Responsabilidad por los enlaces<br \/>\nLa responsabilidad del contenido de los enlaces externos (a p\u00e1ginas web de terceros) recae exclusivamente en los operadores de las p\u00e1ginas enlazadas. En el momento de establecer los enlaces no se apreciaron infracciones. Si tuvi\u00e9ramos conocimiento de alguna infracci\u00f3n legal, eliminar\u00edamos inmediatamente el enlace correspondiente.<\/p>\n<p>Derechos de autor<br \/>\nNuestras p\u00e1ginas web y sus contenidos est\u00e1n sujetos a la ley alemana de derechos de autor. Salvo que la ley lo permita expresamente, cualquier forma de utilizaci\u00f3n, reproducci\u00f3n o procesamiento de obras protegidas por derechos de autor en nuestras p\u00e1ginas web requiere el consentimiento previo del titular de los derechos correspondiente. Las reproducciones individuales de una obra solo est\u00e1n permitidas para uso privado. Los materiales de estas p\u00e1ginas est\u00e1n protegidos por derechos de autor y cualquier uso no autorizado puede infringir las leyes de derechos de autor.<\/p>\n<p><em>Fuente:\u00a0<\/em><a href=\"http:\/\/www.translate-24h.de\/\" target=\"_blank\" rel=\"noreferrer noopener\">Servicio de traducci\u00f3n translate-24h.de<\/a><\/p>","protected":false},"excerpt":{"rendered":"<p>Legal Disclosure Information in accordance with Section 5 TMG Siebweb by Eduardo Arturo Sieber Artiles Heubnerweg 9 14059 Berlin. Contact Information E-Mail:\u00a0hi@siebweb.com [&hellip;]<\/p>\n","protected":false},"author":2,"featured_media":0,"parent":0,"menu_order":0,"comment_status":"closed","ping_status":"closed","template":"","meta":{"_jf_save_progress":"","footnotes":""},"class_list":["post-708","page","type-page","status-publish","hentry"],"_hostinger_reach_plugin_has_subscription_block":false,"_hostinger_reach_plugin_is_elementor":false,"_links":{"self":[{"href":"https:\/\/siebweb.com\/es\/wp-json\/wp\/v2\/pages\/708","targetHints":{"allow":["GET"]}}],"collection":[{"href":"https:\/\/siebweb.com\/es\/wp-json\/wp\/v2\/pages"}],"about":[{"href":"https:\/\/siebweb.com\/es\/wp-json\/wp\/v2\/types\/page"}],"author":[{"embeddable":true,"href":"https:\/\/siebweb.com\/es\/wp-json\/wp\/v2\/users\/2"}],"replies":[{"embeddable":true,"href":"https:\/\/siebweb.com\/es\/wp-json\/wp\/v2\/comments?post=708"}],"version-history":[{"count":2,"href":"https:\/\/siebweb.com\/es\/wp-json\/wp\/v2\/pages\/708\/revisions"}],"predecessor-version":[{"id":841,"href":"https:\/\/siebweb.com\/es\/wp-json\/wp\/v2\/pages\/708\/revisions\/841"}],"wp:attachment":[{"href":"https:\/\/siebweb.com\/es\/wp-json\/wp\/v2\/media?parent=708"}],"curies":[{"name":"wp","href":"https:\/\/api.w.org\/{rel}","templated":true}]}}